{"id":11197,"date":"2023-09-21T11:21:07","date_gmt":"2023-09-21T11:21:07","guid":{"rendered":"https:\/\/www.ninetech.com\/?page_id=11197"},"modified":"2025-02-26T15:07:16","modified_gmt":"2025-02-26T15:07:16","slug":"objektorienterad-ux","status":"publish","type":"page","link":"https:\/\/www.ninetech.com\/no\/objektorienterad-ux\/","title":{"rendered":"Objektorienterad UX"},"content":{"rendered":"<\/div><section class=\"page_section page_section--billboard-hero align-wrap align-wrap-full\">\n\n<div class=\"dbyh-billboard-hero alignfull size-hero\">\n\t<!-- (min-width: 1600px) 768px, (min-width: 1200px) 690px, (min-width: 992px) 512px, (min-width: 544px) 690px, calc(100vw - 30px) -->\n\n\t<img decoding=\"async\" loading=\"eager\" class=\"resp-image has-animation\" src=\"https:\/\/www.ninetech.com\/no\/wp-content\/uploads\/sites\/3\/2020\/11\/service-design-ninetech-1-1600x900.jpg\" srcset=\"https:\/\/www.ninetech.com\/no\/wp-content\/uploads\/sites\/3\/2020\/11\/service-design-ninetech-1-1600x900.jpg 1600w, https:\/\/www.ninetech.com\/no\/wp-content\/uploads\/sites\/3\/2020\/11\/service-design-ninetech-1-1920x1080.jpg 1920w, https:\/\/www.ninetech.com\/no\/wp-content\/uploads\/sites\/3\/2020\/11\/service-design-ninetech-1-1440x810.jpg 1440w, https:\/\/www.ninetech.com\/no\/wp-content\/uploads\/sites\/3\/2020\/11\/service-design-ninetech-1-1280x720.jpg 1280w, https:\/\/www.ninetech.com\/no\/wp-content\/uploads\/sites\/3\/2020\/11\/service-design-ninetech-1-1024x576.jpg 1024w, https:\/\/www.ninetech.com\/no\/wp-content\/uploads\/sites\/3\/2020\/11\/service-design-ninetech-1-768x432.jpg 768w, https:\/\/www.ninetech.com\/no\/wp-content\/uploads\/sites\/3\/2020\/11\/service-design-ninetech-1-375x211.jpg 375w\" sizes=\"100vw\" alt=\"Objektorienterad UX - Ninetech\" \/>\t<div class=\"dbyh-billboard-hero__content\">\n\t\t<div class=\"dbyh-billboard-hero__content__inner has-small-text has-light-text has-dark-background\">\n\t\t\t<h1>Objektorienterad UX<\/h1>\n\t\t\t\t\t<\/div>\n\n\t<\/div>\n\t<\/div><\/section><div class=\"wrapper\">\n\n<nav aria-label=\"Br\u00f6dsmula\" class=\"breadcrumbs\"><ul><li class=\"is-here\"><\/li><li class=\"is-home\"><a href=\"https:\/\/www.ninetech.com\/no\"><span class=\"show-for-sr\">Startsida<\/span>Hem<\/a> <span class=\"delimiter\">\/<\/span> <\/li><li>Side<\/li><\/ul><\/nav>\n\n<\/div><section class=\"page_section page_section--group align-wrap align-wrap-full\">\n<div class=\"wp-block-group alignfull\"><div class=\"wp-block-group__inner-container is-layout-flow wp-block-group-is-layout-flow\">\n<div class=\"wp-block-group\"><div class=\"wp-block-group__inner-container is-layout-flow wp-block-group-is-layout-flow\">\n<div class=\"wp-block-group narrow\"><div class=\"wp-block-group__inner-container is-layout-flow wp-block-group-is-layout-flow\">\n<div class=\"dbyh-preamble dbyh-preamble--big\">\n\t<span>Vi m\u00e4nniskor t\u00e4nker i objekt. Du g\u00f6r det, din granne g\u00f6r det och dina f\u00f6rf\u00e4der gjorde det. S\u00e5 n\u00e4r vi befinner oss p\u00e5 en ny plats orienterar vi oss genom att identifiera vilka objekt vi har omkring oss. Vilka \u00e4r objekten? Hur h\u00e4nger de ihop och vad kan man g\u00f6ra med dem?<\/span>\n<\/div>\n\n\n<div class=\"dbyh-space set-invisible\" style=\"height: 140px; --tablet-height: 100px; --mobile-height: 100px;\">\n    <\/div><\/div><\/div>\n<\/div><\/div>\n<\/div><\/div>\n<\/section><div class=\"wrapper\">\n\n<\/div><section class=\"page_section page_section--group align-wrap align-wrap-full\">\n<div class=\"wp-block-group alignfull has-westar-greige-50-background-color has-background\"><div class=\"wp-block-group__inner-container is-layout-flow wp-block-group-is-layout-flow\">\n<div class=\"wp-block-group\"><div class=\"wp-block-group__inner-container is-layout-flow wp-block-group-is-layout-flow\">\n<div class=\"wp-block-group narrow\"><div class=\"wp-block-group__inner-container is-layout-flow wp-block-group-is-layout-flow\">\n<div class=\"dbyh-space set-invisible\" style=\"height: 120px; --tablet-height: 80px; --mobile-height: 80px;\">\n    <\/div>\n\n\n<div class=\"wp-block-columns is-layout-flex wp-container-core-columns-is-layout-28f84493 wp-block-columns-is-layout-flex\">\n<div class=\"wp-block-column is-layout-flow wp-block-column-is-layout-flow\">\n\n<div class=\"dbyh-heading-with-border\"\">\n\t<span class=\"dbyh-heading-with-border__pre\">Objektorienterad UX<\/span>\n\t<div class=\"dbyh-heading-with-border__heading\">\n\t\t<h2>Vad menar vi?<\/h2>\n\t<\/div>\n<\/div><\/div>\n\n\n\n<div class=\"wp-block-column is-vertically-aligned-center is-layout-flow wp-block-column-is-layout-flow\">\n<p>Objektorienterad UX \u00e4r en filosofi f\u00f6r att designa digitala system. System som respekterar det faktum att m\u00e4nniskor t\u00e4nker i termer av objekt f\u00f6r att f\u00f6rst\u00e5 en milj\u00f6 eller produkt s\u00e5 abstrakta digitala v\u00e4rldar kan k\u00e4nnas lika naturligt som den fysiska v\u00e4rlden. <\/p>\n<\/div>\n<\/div>\n\n\n\n<div class=\"dbyh-space set-invisible\" style=\"height: 120px; --tablet-height: 80px; --mobile-height: 80px;\">\n    <\/div><\/div><\/div>\n<\/div><\/div>\n<\/div><\/div>\n<\/section><div class=\"wrapper\">\n\n<\/div><section class=\"page_section page_section--group align-wrap align-wrap-full\">\n<div class=\"wp-block-group alignfull has-dove-gray-color has-milkly-white-background-color has-text-color has-background\"><div class=\"wp-block-group__inner-container is-layout-flow wp-block-group-is-layout-flow\">\n<div class=\"dbyh-space set-invisible\" style=\"height: 105px; --tablet-height: 75px; --mobile-height: 30px;\">\n    <\/div>\n\n\n<div class=\"wp-block-group narrow has-text-color\" style=\"color:#fffbf9\"><div class=\"wp-block-group__inner-container is-layout-flow wp-block-group-is-layout-flow\">\n<h2 class=\"wp-block-heading has-text-align-left has-dove-gray-color has-text-color\">Substantiv \u00e4r namn p\u00e5 ting och inom objektorienterad UX s\u00e5 \u00e4r ting objekt.<\/h2>\n<\/div><\/div>\n\n\n\n<div class=\"dbyh-space set-invisible\" style=\"height: 40px; --tablet-height: 40px; --mobile-height: 30px;\">\n    <\/div>\n\n\n<div class=\"wp-block-group narrow\"><div class=\"wp-block-group__inner-container is-layout-flow wp-block-group-is-layout-flow\">\n<p class=\"has-text-align-center\"><meta charset=\"utf-8\"><\/meta><\/p>\n\n\n\n<p>Traditionellt sett delar produktteam upp system efter funktion, user stories eller task flows. Man bryter allts\u00e5 upp komplexitet genom verb. Verb \u00e4r n\u00e5got man g\u00f6r. Tyv\u00e4rr leder detta ofta till osammanh\u00e4ngande och splittrade anv\u00e4ndarupplevelser. Ist\u00e4llet f\u00f6r att dela upp ett system efter verb, delar objektorienterad UX upp system efter substantiv.<\/p>\n\n\n\n<p>Objekt \u00e4r s\u00e5dant som har v\u00e4rde f\u00f6r f\u00f6retaget eller anv\u00e4ndarna. Dom utg\u00f6r anv\u00e4ndarnas mentala modell inom det aktuella omr\u00e5det.<br>T\u00e4nk er:<\/p>\n\n\n\n<ul class=\"wp-block-list\">\n<li>Roller (anv\u00e4ndare, administrat\u00f6r, artist, l\u00e4kare, kock)<\/li>\n\n\n\n<li>Plats (stad, m\u00f6tesplats, land, omr\u00e5de)<\/li>\n\n\n\n<li>Sak (produkt, l\u00e5t, film, recept)<\/li>\n\n\n\n<li>Inneh\u00e5llstyp (meddelande, inl\u00e4gg, omd\u00f6me)<\/li>\n<\/ul>\n\n\n\n<h3 class=\"wp-block-heading\"><br>Hur h\u00e4nger objekten ihop?<\/h3>\n\n\n\n<p>Objekten h\u00e4nger ihop med varandra genom relationer. Dessa relationer l\u00e4gger grunden f\u00f6r den prim\u00e4ra navigationen i v\u00e5r abstrakta digitala v\u00e4rld.<\/p>\n\n\n\n<h3 class=\"wp-block-heading\"><br>Vad kan anv\u00e4ndaren g\u00f6ra med objekten?<\/h3>\n\n\n\n<p>Det som anv\u00e4ndaren kan g\u00f6ra med objekten blir knapparna i gr\u00e4nssnittet som m\u00f6jligg\u00f6r interaktionen mellan anv\u00e4ndaren och objektet.<br><\/p>\n\n\n\n<h3 class=\"wp-block-heading\"><br>Vad inneh\u00e5ller objekten?<\/h3>\n\n\n\n<p>Objekten inneh\u00e5ller information som exempelvis namn, bilder, och beskrivningar.<br>Det \u00e4r s\u00e5 h\u00e4r utvecklare ocks\u00e5 arbetar &#8211; objekt orienterat. Genom att dra nytta av objekt orienterad UX kan UX designers samarbeta mer s\u00f6ml\u00f6st med utvecklare.<\/p>\n<\/div><\/div>\n\n\n\n<div class=\"dbyh-space set-invisible\" style=\"height: 100px; --tablet-height: 60px; --mobile-height: 30px;\">\n    <\/div><\/div><\/div>\n<\/section><div class=\"wrapper\">\n\n<\/div><section class=\"page_section page_section--group align-wrap align-wrap-full\">\n<div class=\"wp-block-group alignfull has-westar-greige-30-background-color has-text-color has-background\" style=\"color:#fdfaf8\"><div class=\"wp-block-group__inner-container is-layout-flow wp-block-group-is-layout-flow\">\n<div class=\"dbyh-space set-invisible\" style=\"height: 100px; --tablet-height: 60px; --mobile-height: 30px;\">\n    <\/div>\n\n\n<div class=\"wp-block-group narrow has-text-color\" style=\"color:#fffbf9\"><div class=\"wp-block-group__inner-container is-layout-flow wp-block-group-is-layout-flow\">\n<h2 class=\"wp-block-heading has-text-align-left has-dove-gray-color has-text-color\">Hur b\u00f6rjar man t\u00e4nka objektorienterad UX?<\/h2>\n<\/div><\/div>\n\n\n\n<div class=\"dbyh-space set-invisible\" style=\"height: 40px; --tablet-height: 40px; --mobile-height: 30px;\">\n    <\/div>\n\n\n<div class=\"wp-block-group narrow\"><div class=\"wp-block-group__inner-container is-layout-flow wp-block-group-is-layout-flow\">\n<p class=\"has-text-align-center\"><meta charset=\"utf-8\"><\/meta><\/p>\n\n\n\n<p class=\"has-dove-gray-color has-text-color\">S\u00e5 innan vi b\u00f6rjar designa en enda sida i en app eller p\u00e5 en webbplats s\u00e5 m\u00e5ste vi f\u00f6rst svara p\u00e5 fr\u00e5gorna:<\/p>\n\n\n\n<p class=\"has-dove-gray-color has-text-color\"><br>1. Vilka \u00e4r objekten?<br>2. Vilka relationer har de?<br>3. Hur kan man interagera med dem?<br>4. Vad inneh\u00e5ller de?<\/p>\n<\/div><\/div>\n\n\n\n<div class=\"dbyh-space set-invisible\" style=\"height: 100px; --tablet-height: 60px; --mobile-height: 30px;\">\n    <\/div><\/div><\/div>\n<\/section><div class=\"wrapper\">\n\n<\/div><section class=\"page_section page_section--group align-wrap align-wrap-full\">\n<div class=\"wp-block-group alignfull has-westar-greige-50-background-color has-background\"><div class=\"wp-block-group__inner-container is-layout-flow wp-block-group-is-layout-flow\">\n<div class=\"dbyh-space set-invisible\" style=\"height: 110px; --tablet-height: 80px; --mobile-height: 80px;\">\n    <\/div>\n\n\n<div class=\"wp-block-group alignwide\"><div class=\"wp-block-group__inner-container is-layout-flow wp-block-group-is-layout-flow\">\n\n<div class=\"dbyh-contact-cta\">\n\t<div class=\"dbyh-contact-cta__person\">\n\t\t<div class=\"dbyh-contact-cta__person__image\">\n\t\t\t<img decoding=\"async\" loading=\"lazy\" class=\"resp-image \" src=\"https:\/\/www.ninetech.com\/no\/wp-content\/uploads\/sites\/3\/2022\/09\/nick-lindblom-375x375.jpg\" srcset=\"https:\/\/www.ninetech.com\/no\/wp-content\/uploads\/sites\/3\/2022\/09\/nick-lindblom-375x375.jpg 375w, https:\/\/www.ninetech.com\/no\/wp-content\/uploads\/sites\/3\/2022\/09\/nick-lindblom-150x150.jpg 150w, https:\/\/www.ninetech.com\/no\/wp-content\/uploads\/sites\/3\/2022\/09\/nick-lindblom-768x768.jpg 768w\" sizes=\"375px\" alt=\"\" \/>\t\t<\/div>\n\t\t<div class=\"dbyh-contact-cta__person__info\">\n\t\t\t<h5>Vill du veta mer om objektorienterad UX?<\/h5>\n\t\t\t<p>H\u00f6r av dig s\u00e5 tar vi ett snack.<\/p>\n\t\t\t<span class=\"dbyh-contact-cta__person__info__name\">Nick Lindblom<\/span>\n\t\t\t<span class=\"dbyh-contact-cta__person__info__title\">UX-designer<\/span>\n\t\t\t<a href=\"tel:+46&#55;091&#48;4&#53;9&#49;\">+&#52;&#54;70910&#52;5&#57;1<\/a>\n\t\t\t<a href=\"mailto:&#110;ick&#46;li&#110;db&#108;om&#64;&#110;ine&#116;e&#99;&#104;.&#99;om\">&#110;&#105;c&#107;.li&#110;&#100;b&#108;&#111;m&#64;n&#105;net&#101;&#99;h&#46;&#99;&#111;&#109;<\/a>\n\t\t<\/div>\n\t<\/div>\n\t<div class=\"dbyh-contact-cta__info\">\n\t\t<h5>Har du andra fr\u00e5gor?<\/h5>\n\t\t<p>Kontakta oss g\u00e4rna via v\u00e5rt formul\u00e4r<\/p>\n\t\t<div class=\"wp-block-button nt-button-size-stor is-style-dove-hollow\"><a class=\"wp-block-button__link wp-element-button\" href=\"\/kontakt\">Till formul\u00e4ret<\/a><\/div>\n\n\t<\/div>\n<\/div><\/div><\/div>\n\n\n\n<div class=\"dbyh-space set-invisible\" style=\"height: 110px; --tablet-height: 80px; --mobile-height: 80px;\">\n    <\/div><\/div><\/div>\n<\/section><div class=\"wrapper\">","protected":false},"excerpt":{"rendered":"<p>Objektorienterad UX \u00e4r en filosofi f\u00f6r att designa digitala system. System som respekterar det faktum att m\u00e4nniskor t\u00e4nker i termer av objekt f\u00f6r att f\u00f6rst\u00e5 en milj\u00f6 eller produkt s\u00e5 abstrakta digitala v\u00e4rldar kan k\u00e4nnas lika naturligt som den fysiska v\u00e4rlden. Substantiv \u00e4r namn p\u00e5 ting och inom objektorienterad UX s\u00e5 \u00e4r ting objekt. Traditionellt [&hellip;]<\/p>\n","protected":false},"author":13,"featured_media":4768,"parent":0,"menu_order":0,"comment_status":"closed","ping_status":"closed","template":"","meta":{"_acf_changed":false,"content-type":"","footnotes":""},"class_list":["post-11197","page","type-page","status-publish","has-post-thumbnail","hentry"],"acf":[],"yoast_head":"<!-- This site is optimized with the Yoast SEO plugin v27.3 - https:\/\/yoast.com\/product\/yoast-seo-wordpress\/ -->\n<title>Objektorienterad User Experience (UX) - Ninetech - no<\/title>\n<meta name=\"description\" content=\"Vad \u00e4r objektorienterad UX, eller objektorienterad user experience? Vi hj\u00e4lper dig med kundresan p\u00e5 ett helt nytt s\u00e4tt!\" \/>\n<meta name=\"robots\" content=\"index, follow, max-snippet:-1, max-image-preview:large, max-video-preview:-1\" \/>\n<link rel=\"canonical\" href=\"https:\/\/www.ninetech.com\/no\/objektorienterad-ux\/\" \/>\n<meta property=\"og:locale\" content=\"nb_NO\" \/>\n<meta property=\"og:type\" content=\"article\" \/>\n<meta property=\"og:title\" content=\"Objektorienterad User Experience (UX) - Ninetech - no\" \/>\n<meta property=\"og:description\" content=\"Vad \u00e4r objektorienterad UX, eller objektorienterad user experience? Vi hj\u00e4lper dig med kundresan p\u00e5 ett helt nytt s\u00e4tt!\" \/>\n<meta property=\"og:url\" content=\"https:\/\/www.ninetech.com\/no\/objektorienterad-ux\/\" \/>\n<meta property=\"og:site_name\" content=\"Ninetech - no\" \/>\n<meta property=\"article:modified_time\" content=\"2025-02-26T15:07:16+00:00\" \/>\n<meta property=\"og:image\" content=\"https:\/\/www.ninetech.com\/no\/wp-content\/uploads\/sites\/3\/2020\/11\/service-design-ninetech.jpg\" \/>\n\t<meta property=\"og:image:width\" content=\"2200\" \/>\n\t<meta property=\"og:image:height\" content=\"1252\" \/>\n\t<meta property=\"og:image:type\" content=\"image\/jpeg\" \/>\n<meta name=\"twitter:card\" content=\"summary_large_image\" \/>\n<meta name=\"twitter:label1\" content=\"Ansl. lesetid\" \/>\n\t<meta name=\"twitter:data1\" content=\"2 minutter\" \/>\n<script type=\"application\/ld+json\" class=\"yoast-schema-graph\">{\"@context\":\"https:\\\/\\\/schema.org\",\"@graph\":[{\"@type\":\"WebPage\",\"@id\":\"https:\\\/\\\/www.ninetech.com\\\/no\\\/objektorienterad-ux\\\/\",\"url\":\"https:\\\/\\\/www.ninetech.com\\\/no\\\/objektorienterad-ux\\\/\",\"name\":\"Objektorienterad User Experience (UX) - Ninetech - no\",\"isPartOf\":{\"@id\":\"https:\\\/\\\/www.ninetech.com\\\/no\\\/#website\"},\"primaryImageOfPage\":{\"@id\":\"https:\\\/\\\/www.ninetech.com\\\/no\\\/objektorienterad-ux\\\/#primaryimage\"},\"image\":{\"@id\":\"https:\\\/\\\/www.ninetech.com\\\/no\\\/objektorienterad-ux\\\/#primaryimage\"},\"thumbnailUrl\":\"https:\\\/\\\/www.ninetech.com\\\/no\\\/wp-content\\\/uploads\\\/sites\\\/3\\\/2020\\\/11\\\/service-design-ninetech.jpg\",\"datePublished\":\"2023-09-21T11:21:07+00:00\",\"dateModified\":\"2025-02-26T15:07:16+00:00\",\"description\":\"Vad \u00e4r objektorienterad UX, eller objektorienterad user experience? Vi hj\u00e4lper dig med kundresan p\u00e5 ett helt nytt s\u00e4tt!\",\"breadcrumb\":{\"@id\":\"https:\\\/\\\/www.ninetech.com\\\/no\\\/objektorienterad-ux\\\/#breadcrumb\"},\"inLanguage\":\"nb-NO\",\"potentialAction\":[{\"@type\":\"ReadAction\",\"target\":[\"https:\\\/\\\/www.ninetech.com\\\/no\\\/objektorienterad-ux\\\/\"]}]},{\"@type\":\"ImageObject\",\"inLanguage\":\"nb-NO\",\"@id\":\"https:\\\/\\\/www.ninetech.com\\\/no\\\/objektorienterad-ux\\\/#primaryimage\",\"url\":\"https:\\\/\\\/www.ninetech.com\\\/no\\\/wp-content\\\/uploads\\\/sites\\\/3\\\/2020\\\/11\\\/service-design-ninetech.jpg\",\"contentUrl\":\"https:\\\/\\\/www.ninetech.com\\\/no\\\/wp-content\\\/uploads\\\/sites\\\/3\\\/2020\\\/11\\\/service-design-ninetech.jpg\",\"width\":2200,\"height\":1252},{\"@type\":\"BreadcrumbList\",\"@id\":\"https:\\\/\\\/www.ninetech.com\\\/no\\\/objektorienterad-ux\\\/#breadcrumb\",\"itemListElement\":[{\"@type\":\"ListItem\",\"position\":1,\"name\":\"Hem\",\"item\":\"https:\\\/\\\/www.ninetech.com\\\/no\\\/\"},{\"@type\":\"ListItem\",\"position\":2,\"name\":\"Objektorienterad UX\"}]},{\"@type\":\"WebSite\",\"@id\":\"https:\\\/\\\/www.ninetech.com\\\/no\\\/#website\",\"url\":\"https:\\\/\\\/www.ninetech.com\\\/no\\\/\",\"name\":\"Ninetech - no\",\"description\":\"Experter p\u00e5 digital utveckling\",\"potentialAction\":[{\"@type\":\"SearchAction\",\"target\":{\"@type\":\"EntryPoint\",\"urlTemplate\":\"https:\\\/\\\/www.ninetech.com\\\/no\\\/?s={search_term_string}\"},\"query-input\":{\"@type\":\"PropertyValueSpecification\",\"valueRequired\":true,\"valueName\":\"search_term_string\"}}],\"inLanguage\":\"nb-NO\"}]}<\/script>\n<!-- \/ Yoast SEO plugin. -->","yoast_head_json":{"title":"Objektorienterad User Experience (UX) - Ninetech - no","description":"Vad \u00e4r objektorienterad UX, eller objektorienterad user experience? Vi hj\u00e4lper dig med kundresan p\u00e5 ett helt nytt s\u00e4tt!","robots":{"index":"index","follow":"follow","max-snippet":"max-snippet:-1","max-image-preview":"max-image-preview:large","max-video-preview":"max-video-preview:-1"},"canonical":"https:\/\/www.ninetech.com\/no\/objektorienterad-ux\/","og_locale":"nb_NO","og_type":"article","og_title":"Objektorienterad User Experience (UX) - Ninetech - no","og_description":"Vad \u00e4r objektorienterad UX, eller objektorienterad user experience? Vi hj\u00e4lper dig med kundresan p\u00e5 ett helt nytt s\u00e4tt!","og_url":"https:\/\/www.ninetech.com\/no\/objektorienterad-ux\/","og_site_name":"Ninetech - no","article_modified_time":"2025-02-26T15:07:16+00:00","og_image":[{"width":2200,"height":1252,"url":"https:\/\/www.ninetech.com\/no\/wp-content\/uploads\/sites\/3\/2020\/11\/service-design-ninetech.jpg","type":"image\/jpeg"}],"twitter_card":"summary_large_image","twitter_misc":{"Ansl. lesetid":"2 minutter"},"schema":{"@context":"https:\/\/schema.org","@graph":[{"@type":"WebPage","@id":"https:\/\/www.ninetech.com\/no\/objektorienterad-ux\/","url":"https:\/\/www.ninetech.com\/no\/objektorienterad-ux\/","name":"Objektorienterad User Experience (UX) - Ninetech - no","isPartOf":{"@id":"https:\/\/www.ninetech.com\/no\/#website"},"primaryImageOfPage":{"@id":"https:\/\/www.ninetech.com\/no\/objektorienterad-ux\/#primaryimage"},"image":{"@id":"https:\/\/www.ninetech.com\/no\/objektorienterad-ux\/#primaryimage"},"thumbnailUrl":"https:\/\/www.ninetech.com\/no\/wp-content\/uploads\/sites\/3\/2020\/11\/service-design-ninetech.jpg","datePublished":"2023-09-21T11:21:07+00:00","dateModified":"2025-02-26T15:07:16+00:00","description":"Vad \u00e4r objektorienterad UX, eller objektorienterad user experience? Vi hj\u00e4lper dig med kundresan p\u00e5 ett helt nytt s\u00e4tt!","breadcrumb":{"@id":"https:\/\/www.ninetech.com\/no\/objektorienterad-ux\/#breadcrumb"},"inLanguage":"nb-NO","potentialAction":[{"@type":"ReadAction","target":["https:\/\/www.ninetech.com\/no\/objektorienterad-ux\/"]}]},{"@type":"ImageObject","inLanguage":"nb-NO","@id":"https:\/\/www.ninetech.com\/no\/objektorienterad-ux\/#primaryimage","url":"https:\/\/www.ninetech.com\/no\/wp-content\/uploads\/sites\/3\/2020\/11\/service-design-ninetech.jpg","contentUrl":"https:\/\/www.ninetech.com\/no\/wp-content\/uploads\/sites\/3\/2020\/11\/service-design-ninetech.jpg","width":2200,"height":1252},{"@type":"BreadcrumbList","@id":"https:\/\/www.ninetech.com\/no\/objektorienterad-ux\/#breadcrumb","itemListElement":[{"@type":"ListItem","position":1,"name":"Hem","item":"https:\/\/www.ninetech.com\/no\/"},{"@type":"ListItem","position":2,"name":"Objektorienterad UX"}]},{"@type":"WebSite","@id":"https:\/\/www.ninetech.com\/no\/#website","url":"https:\/\/www.ninetech.com\/no\/","name":"Ninetech - no","description":"Experter p\u00e5 digital utveckling","potentialAction":[{"@type":"SearchAction","target":{"@type":"EntryPoint","urlTemplate":"https:\/\/www.ninetech.com\/no\/?s={search_term_string}"},"query-input":{"@type":"PropertyValueSpecification","valueRequired":true,"valueName":"search_term_string"}}],"inLanguage":"nb-NO"}]}},"_links":{"self":[{"href":"https:\/\/www.ninetech.com\/no\/wp-json\/wp\/v2\/pages\/11197","targetHints":{"allow":["GET"]}}],"collection":[{"href":"https:\/\/www.ninetech.com\/no\/wp-json\/wp\/v2\/pages"}],"about":[{"href":"https:\/\/www.ninetech.com\/no\/wp-json\/wp\/v2\/types\/page"}],"author":[{"embeddable":true,"href":"https:\/\/www.ninetech.com\/no\/wp-json\/wp\/v2\/users\/13"}],"replies":[{"embeddable":true,"href":"https:\/\/www.ninetech.com\/no\/wp-json\/wp\/v2\/comments?post=11197"}],"version-history":[{"count":55,"href":"https:\/\/www.ninetech.com\/no\/wp-json\/wp\/v2\/pages\/11197\/revisions"}],"predecessor-version":[{"id":12224,"href":"https:\/\/www.ninetech.com\/no\/wp-json\/wp\/v2\/pages\/11197\/revisions\/12224"}],"wp:featuredmedia":[{"embeddable":true,"href":"https:\/\/www.ninetech.com\/no\/wp-json\/wp\/v2\/media\/4768"}],"wp:attachment":[{"href":"https:\/\/www.ninetech.com\/no\/wp-json\/wp\/v2\/media?parent=11197"}],"curies":[{"name":"wp","href":"https:\/\/api.w.org\/{rel}","templated":true}]}}