{"id":13600,"date":"2026-01-15T10:44:03","date_gmt":"2026-01-15T10:44:03","guid":{"rendered":"https:\/\/ninetech.com\/no\/?page_id=13600"},"modified":"2026-01-15T10:44:05","modified_gmt":"2026-01-15T10:44:05","slug":"om-combinedx","status":"publish","type":"page","link":"https:\/\/www.ninetech.com\/no\/om-ninetech-2\/om-combinedx\/","title":{"rendered":"Om CombinedX"},"content":{"rendered":"<\/div><section class=\"page_section page_section--billboard-hero align-wrap align-wrap-full\">\n\n<div class=\"dbyh-billboard-hero alignfull size-hero\">\n\t<!-- (min-width: 1600px) 768px, (min-width: 1200px) 690px, (min-width: 992px) 512px, (min-width: 544px) 690px, calc(100vw - 30px) -->\n\n\t<img decoding=\"async\" loading=\"eager\" class=\"resp-image has-animation\" src=\"https:\/\/www.ninetech.com\/no\/wp-content\/uploads\/sites\/3\/2021\/02\/combinedx-01-wide-1600x900.jpg\" srcset=\"https:\/\/www.ninetech.com\/no\/wp-content\/uploads\/sites\/3\/2021\/02\/combinedx-01-wide-1600x900.jpg 1600w, https:\/\/www.ninetech.com\/no\/wp-content\/uploads\/sites\/3\/2021\/02\/combinedx-01-wide-800x450.jpg 800w, https:\/\/www.ninetech.com\/no\/wp-content\/uploads\/sites\/3\/2021\/02\/combinedx-01-wide-1024x576.jpg 1024w, https:\/\/www.ninetech.com\/no\/wp-content\/uploads\/sites\/3\/2021\/02\/combinedx-01-wide-768x432.jpg 768w, https:\/\/www.ninetech.com\/no\/wp-content\/uploads\/sites\/3\/2021\/02\/combinedx-01-wide-1536x864.jpg 1536w, https:\/\/www.ninetech.com\/no\/wp-content\/uploads\/sites\/3\/2021\/02\/combinedx-01-wide-1440x810.jpg 1440w, https:\/\/www.ninetech.com\/no\/wp-content\/uploads\/sites\/3\/2021\/02\/combinedx-01-wide-1280x720.jpg 1280w, https:\/\/www.ninetech.com\/no\/wp-content\/uploads\/sites\/3\/2021\/02\/combinedx-01-wide-375x211.jpg 375w, https:\/\/www.ninetech.com\/no\/wp-content\/uploads\/sites\/3\/2021\/02\/combinedx-01-wide.jpg 1920w\" sizes=\"100vw\" alt=\"\" \/>\t<div class=\"dbyh-billboard-hero__content\">\n\t\t<div class=\"dbyh-billboard-hero__content__inner has-small-text has-light-text\">\n\t\t\t<h1>V\u00e5r familie \u2013 CombinedX<\/h1>\n\t\t\t\t\t<\/div>\n\n\t<\/div>\n\t<\/div><\/section><div class=\"wrapper\">\n\n<\/div><section class=\"page_section page_section--group align-wrap align-wrap-full\">\n<div class=\"wp-block-group alignfull has-westar-greige-30-background-color has-background\"><div class=\"wp-block-group__inner-container is-layout-flow wp-block-group-is-layout-flow\">\n<div class=\"wp-block-group\"><div class=\"wp-block-group__inner-container is-layout-flow wp-block-group-is-layout-flow\"><nav aria-label=\"Br\u00f6dsmula\" class=\"breadcrumbs\"><ul><li class=\"is-here\"><\/li><li class=\"is-home\"><a href=\"https:\/\/www.ninetech.com\/no\"><span class=\"show-for-sr\">Startsida<\/span>Hem<\/a> <span class=\"delimiter\">\/<\/span> <\/li><li>Side<\/li><\/ul><\/nav>\n\n\n<div class=\"wp-block-group narrow\"><div class=\"wp-block-group__inner-container is-layout-flow wp-block-group-is-layout-flow\">\n<div class=\"dbyh-preamble dbyh-preamble--big\">\n\t<span>Ninetech er en del av CombinedX \u2013 en familie av kunnskapsselskaper som hjelper virksomheter og organisasjoner med \u00e5 utnytte mulighetene i digitaliseringen. CombinedX leverer tjenestene sine gjennom heleide spesialistselskaper (deriblant Ninetech), som alle har markedsledende teknologisk og forretningsmessig kompetanse innen sine nisjer. Sammen tilbyr vi i CombinedX kundene v\u00e5re en magisk kombinasjon av ekspertise.<\/span>\n<\/div>\n\n\n<div class=\"dbyh-space set-invisible\" style=\"height: 140px; --tablet-height: 100px; --mobile-height: 100px;\">\n    <\/div><\/div><\/div>\n<\/div><\/div>\n<\/div><\/div>\n<\/section><div class=\"wrapper\">\n\n<\/div><section class=\"page_section page_section--group align-wrap align-wrap-full\">\n<div class=\"wp-block-group alignfull\"><div class=\"wp-block-group__inner-container is-layout-flow wp-block-group-is-layout-flow\">\n<div class=\"wp-block-group narrow\"><div class=\"wp-block-group__inner-container is-layout-flow wp-block-group-is-layout-flow\">\n<div class=\"dbyh-space set-invisible\" style=\"height: 100px; --tablet-height: 60px; --mobile-height: 45px;\">\n    <\/div><\/div><\/div>\n<\/div><\/div>\n<\/section><div class=\"wrapper\">\n\n\n<div class=\"wp-block-group extra-narrow\"><div class=\"wp-block-group__inner-container is-layout-flow wp-block-group-is-layout-flow\">\n<p>CombinedX har sitt utspring i Ninetech AB. I 2016 besluttet eierne \u00e5 \u00abdele opp\u00bb dav\u00e6rende Ninetech, som da hadde en sv\u00e6rt bred tjenesteportef\u00f8lje, i flere spissede spesialistselskaper samlet under navnet Combined Excellence AB.<\/p>\n\n\n\n<p>P\u00e5 reisen har ogs\u00e5 flere sterke selskaper blitt kj\u00f8pt opp og innlemmet i konsernet. I dag best\u00e5r CombinedX av \u00e5tte selskaper som til sammen sysselsetter litt over 600 ansatte og omsetter for ca. 800 MSEK. Siden februar 2021 g\u00e5r vi under navnet CombinedX.<\/p>\n\n\n\n<p>Selskapene som utgj\u00f8r CombinedX-familien er: Nethouse, Elvenite, Netgain, Two, Ninetech og Absfront.<\/p>\n\n\n\n<p>Les mer p\u00e5 CombinedX\u2019 nettside om hvordan vi sammen digitaliserer Sverige, og fordyp deg i den magiske helheten vi skaper sammen.<\/p>\n<\/div><\/div>\n\n\n\n<div class=\"dbyh-space set-invisible\" style=\"height: 100px; --tablet-height: 60px; --mobile-height: 60px;\">\n    <\/div>","protected":false},"excerpt":{"rendered":"<p>CombinedX har sitt utspring i Ninetech AB. I 2016 besluttet eierne \u00e5 \u00abdele opp\u00bb dav\u00e6rende Ninetech, som da hadde en sv\u00e6rt bred tjenesteportef\u00f8lje, i flere spissede spesialistselskaper samlet under navnet Combined Excellence AB. P\u00e5 reisen har ogs\u00e5 flere sterke selskaper blitt kj\u00f8pt opp og innlemmet i konsernet. I dag best\u00e5r CombinedX av \u00e5tte selskaper som [&hellip;]<\/p>\n","protected":false},"author":4,"featured_media":5385,"parent":13594,"menu_order":0,"comment_status":"closed","ping_status":"closed","template":"","meta":{"_acf_changed":false,"content-type":"","footnotes":""},"class_list":["post-13600","page","type-page","status-publish","has-post-thumbnail","hentry"],"acf":[],"yoast_head":"<!-- This site is optimized with the Yoast SEO plugin v27.3 - https:\/\/yoast.com\/product\/yoast-seo-wordpress\/ -->\n<title>Om CombinedX - Ninetech - no<\/title>\n<meta name=\"robots\" content=\"index, follow, max-snippet:-1, max-image-preview:large, max-video-preview:-1\" \/>\n<link rel=\"canonical\" href=\"https:\/\/www.ninetech.com\/no\/om-ninetech-2\/om-combinedx\/\" \/>\n<meta property=\"og:locale\" content=\"nb_NO\" \/>\n<meta property=\"og:type\" content=\"article\" \/>\n<meta property=\"og:title\" content=\"Om CombinedX - Ninetech - no\" \/>\n<meta property=\"og:description\" content=\"CombinedX har sitt utspring i Ninetech AB. I 2016 besluttet eierne \u00e5 \u00abdele opp\u00bb dav\u00e6rende Ninetech, som da hadde en sv\u00e6rt bred tjenesteportef\u00f8lje, i flere spissede spesialistselskaper samlet under navnet Combined Excellence AB. P\u00e5 reisen har ogs\u00e5 flere sterke selskaper blitt kj\u00f8pt opp og innlemmet i konsernet. I dag best\u00e5r CombinedX av \u00e5tte selskaper som [&hellip;]\" \/>\n<meta property=\"og:url\" content=\"https:\/\/www.ninetech.com\/no\/om-ninetech-2\/om-combinedx\/\" \/>\n<meta property=\"og:site_name\" content=\"Ninetech - no\" \/>\n<meta property=\"article:modified_time\" content=\"2026-01-15T10:44:05+00:00\" \/>\n<meta property=\"og:image\" content=\"https:\/\/www.ninetech.com\/no\/wp-content\/uploads\/sites\/3\/2021\/02\/ninetech-en-del-av-combinedx.jpg\" \/>\n\t<meta property=\"og:image:width\" content=\"1831\" \/>\n\t<meta property=\"og:image:height\" content=\"372\" \/>\n\t<meta property=\"og:image:type\" content=\"image\/jpeg\" \/>\n<meta name=\"twitter:card\" content=\"summary_large_image\" \/>\n<meta name=\"twitter:label1\" content=\"Ansl. lesetid\" \/>\n\t<meta name=\"twitter:data1\" content=\"1 minutt\" \/>\n<script type=\"application\/ld+json\" class=\"yoast-schema-graph\">{\"@context\":\"https:\\\/\\\/schema.org\",\"@graph\":[{\"@type\":\"WebPage\",\"@id\":\"https:\\\/\\\/www.ninetech.com\\\/no\\\/om-ninetech-2\\\/om-combinedx\\\/\",\"url\":\"https:\\\/\\\/www.ninetech.com\\\/no\\\/om-ninetech-2\\\/om-combinedx\\\/\",\"name\":\"Om CombinedX - Ninetech - no\",\"isPartOf\":{\"@id\":\"https:\\\/\\\/www.ninetech.com\\\/no\\\/#website\"},\"primaryImageOfPage\":{\"@id\":\"https:\\\/\\\/www.ninetech.com\\\/no\\\/om-ninetech-2\\\/om-combinedx\\\/#primaryimage\"},\"image\":{\"@id\":\"https:\\\/\\\/www.ninetech.com\\\/no\\\/om-ninetech-2\\\/om-combinedx\\\/#primaryimage\"},\"thumbnailUrl\":\"https:\\\/\\\/www.ninetech.com\\\/no\\\/wp-content\\\/uploads\\\/sites\\\/3\\\/2021\\\/02\\\/ninetech-en-del-av-combinedx.jpg\",\"datePublished\":\"2026-01-15T10:44:03+00:00\",\"dateModified\":\"2026-01-15T10:44:05+00:00\",\"breadcrumb\":{\"@id\":\"https:\\\/\\\/www.ninetech.com\\\/no\\\/om-ninetech-2\\\/om-combinedx\\\/#breadcrumb\"},\"inLanguage\":\"nb-NO\",\"potentialAction\":[{\"@type\":\"ReadAction\",\"target\":[\"https:\\\/\\\/www.ninetech.com\\\/no\\\/om-ninetech-2\\\/om-combinedx\\\/\"]}]},{\"@type\":\"ImageObject\",\"inLanguage\":\"nb-NO\",\"@id\":\"https:\\\/\\\/www.ninetech.com\\\/no\\\/om-ninetech-2\\\/om-combinedx\\\/#primaryimage\",\"url\":\"https:\\\/\\\/www.ninetech.com\\\/no\\\/wp-content\\\/uploads\\\/sites\\\/3\\\/2021\\\/02\\\/ninetech-en-del-av-combinedx.jpg\",\"contentUrl\":\"https:\\\/\\\/www.ninetech.com\\\/no\\\/wp-content\\\/uploads\\\/sites\\\/3\\\/2021\\\/02\\\/ninetech-en-del-av-combinedx.jpg\",\"width\":1831,\"height\":372},{\"@type\":\"BreadcrumbList\",\"@id\":\"https:\\\/\\\/www.ninetech.com\\\/no\\\/om-ninetech-2\\\/om-combinedx\\\/#breadcrumb\",\"itemListElement\":[{\"@type\":\"ListItem\",\"position\":1,\"name\":\"Hem\",\"item\":\"https:\\\/\\\/www.ninetech.com\\\/no\\\/\"},{\"@type\":\"ListItem\",\"position\":2,\"name\":\"Om Ninetech\",\"item\":\"https:\\\/\\\/www.ninetech.com\\\/no\\\/om-ninetech-2\\\/\"},{\"@type\":\"ListItem\",\"position\":3,\"name\":\"Om CombinedX\"}]},{\"@type\":\"WebSite\",\"@id\":\"https:\\\/\\\/www.ninetech.com\\\/no\\\/#website\",\"url\":\"https:\\\/\\\/www.ninetech.com\\\/no\\\/\",\"name\":\"Ninetech - no\",\"description\":\"Experter p\u00e5 digital utveckling\",\"potentialAction\":[{\"@type\":\"SearchAction\",\"target\":{\"@type\":\"EntryPoint\",\"urlTemplate\":\"https:\\\/\\\/www.ninetech.com\\\/no\\\/?s={search_term_string}\"},\"query-input\":{\"@type\":\"PropertyValueSpecification\",\"valueRequired\":true,\"valueName\":\"search_term_string\"}}],\"inLanguage\":\"nb-NO\"}]}<\/script>\n<!-- \/ Yoast SEO plugin. -->","yoast_head_json":{"title":"Om CombinedX - Ninetech - no","robots":{"index":"index","follow":"follow","max-snippet":"max-snippet:-1","max-image-preview":"max-image-preview:large","max-video-preview":"max-video-preview:-1"},"canonical":"https:\/\/www.ninetech.com\/no\/om-ninetech-2\/om-combinedx\/","og_locale":"nb_NO","og_type":"article","og_title":"Om CombinedX - Ninetech - no","og_description":"CombinedX har sitt utspring i Ninetech AB. I 2016 besluttet eierne \u00e5 \u00abdele opp\u00bb dav\u00e6rende Ninetech, som da hadde en sv\u00e6rt bred tjenesteportef\u00f8lje, i flere spissede spesialistselskaper samlet under navnet Combined Excellence AB. P\u00e5 reisen har ogs\u00e5 flere sterke selskaper blitt kj\u00f8pt opp og innlemmet i konsernet. I dag best\u00e5r CombinedX av \u00e5tte selskaper som [&hellip;]","og_url":"https:\/\/www.ninetech.com\/no\/om-ninetech-2\/om-combinedx\/","og_site_name":"Ninetech - no","article_modified_time":"2026-01-15T10:44:05+00:00","og_image":[{"width":1831,"height":372,"url":"https:\/\/www.ninetech.com\/no\/wp-content\/uploads\/sites\/3\/2021\/02\/ninetech-en-del-av-combinedx.jpg","type":"image\/jpeg"}],"twitter_card":"summary_large_image","twitter_misc":{"Ansl. lesetid":"1 minutt"},"schema":{"@context":"https:\/\/schema.org","@graph":[{"@type":"WebPage","@id":"https:\/\/www.ninetech.com\/no\/om-ninetech-2\/om-combinedx\/","url":"https:\/\/www.ninetech.com\/no\/om-ninetech-2\/om-combinedx\/","name":"Om CombinedX - Ninetech - no","isPartOf":{"@id":"https:\/\/www.ninetech.com\/no\/#website"},"primaryImageOfPage":{"@id":"https:\/\/www.ninetech.com\/no\/om-ninetech-2\/om-combinedx\/#primaryimage"},"image":{"@id":"https:\/\/www.ninetech.com\/no\/om-ninetech-2\/om-combinedx\/#primaryimage"},"thumbnailUrl":"https:\/\/www.ninetech.com\/no\/wp-content\/uploads\/sites\/3\/2021\/02\/ninetech-en-del-av-combinedx.jpg","datePublished":"2026-01-15T10:44:03+00:00","dateModified":"2026-01-15T10:44:05+00:00","breadcrumb":{"@id":"https:\/\/www.ninetech.com\/no\/om-ninetech-2\/om-combinedx\/#breadcrumb"},"inLanguage":"nb-NO","potentialAction":[{"@type":"ReadAction","target":["https:\/\/www.ninetech.com\/no\/om-ninetech-2\/om-combinedx\/"]}]},{"@type":"ImageObject","inLanguage":"nb-NO","@id":"https:\/\/www.ninetech.com\/no\/om-ninetech-2\/om-combinedx\/#primaryimage","url":"https:\/\/www.ninetech.com\/no\/wp-content\/uploads\/sites\/3\/2021\/02\/ninetech-en-del-av-combinedx.jpg","contentUrl":"https:\/\/www.ninetech.com\/no\/wp-content\/uploads\/sites\/3\/2021\/02\/ninetech-en-del-av-combinedx.jpg","width":1831,"height":372},{"@type":"BreadcrumbList","@id":"https:\/\/www.ninetech.com\/no\/om-ninetech-2\/om-combinedx\/#breadcrumb","itemListElement":[{"@type":"ListItem","position":1,"name":"Hem","item":"https:\/\/www.ninetech.com\/no\/"},{"@type":"ListItem","position":2,"name":"Om Ninetech","item":"https:\/\/www.ninetech.com\/no\/om-ninetech-2\/"},{"@type":"ListItem","position":3,"name":"Om CombinedX"}]},{"@type":"WebSite","@id":"https:\/\/www.ninetech.com\/no\/#website","url":"https:\/\/www.ninetech.com\/no\/","name":"Ninetech - no","description":"Experter p\u00e5 digital utveckling","potentialAction":[{"@type":"SearchAction","target":{"@type":"EntryPoint","urlTemplate":"https:\/\/www.ninetech.com\/no\/?s={search_term_string}"},"query-input":{"@type":"PropertyValueSpecification","valueRequired":true,"valueName":"search_term_string"}}],"inLanguage":"nb-NO"}]}},"_links":{"self":[{"href":"https:\/\/www.ninetech.com\/no\/wp-json\/wp\/v2\/pages\/13600","targetHints":{"allow":["GET"]}}],"collection":[{"href":"https:\/\/www.ninetech.com\/no\/wp-json\/wp\/v2\/pages"}],"about":[{"href":"https:\/\/www.ninetech.com\/no\/wp-json\/wp\/v2\/types\/page"}],"author":[{"embeddable":true,"href":"https:\/\/www.ninetech.com\/no\/wp-json\/wp\/v2\/users\/4"}],"replies":[{"embeddable":true,"href":"https:\/\/www.ninetech.com\/no\/wp-json\/wp\/v2\/comments?post=13600"}],"version-history":[{"count":1,"href":"https:\/\/www.ninetech.com\/no\/wp-json\/wp\/v2\/pages\/13600\/revisions"}],"predecessor-version":[{"id":13607,"href":"https:\/\/www.ninetech.com\/no\/wp-json\/wp\/v2\/pages\/13600\/revisions\/13607"}],"up":[{"embeddable":true,"href":"https:\/\/www.ninetech.com\/no\/wp-json\/wp\/v2\/pages\/13594"}],"wp:featuredmedia":[{"embeddable":true,"href":"https:\/\/www.ninetech.com\/no\/wp-json\/wp\/v2\/media\/5385"}],"wp:attachment":[{"href":"https:\/\/www.ninetech.com\/no\/wp-json\/wp\/v2\/media?parent=13600"}],"curies":[{"name":"wp","href":"https:\/\/api.w.org\/{rel}","templated":true}]}}