{"id":13601,"date":"2026-01-15T11:02:47","date_gmt":"2026-01-15T11:02:47","guid":{"rendered":"https:\/\/ninetech.com\/no\/?page_id=13601"},"modified":"2026-01-15T11:02:49","modified_gmt":"2026-01-15T11:02:49","slug":"partners","status":"publish","type":"page","link":"https:\/\/www.ninetech.com\/no\/om-ninetech-2\/partners\/","title":{"rendered":"Partners"},"content":{"rendered":"<\/div><section class=\"page_section page_section--billboard-hero align-wrap align-wrap-full\">\n\n<div class=\"dbyh-billboard-hero alignfull size-hero\">\n\t<!-- (min-width: 1600px) 768px, (min-width: 1200px) 690px, (min-width: 992px) 512px, (min-width: 544px) 690px, calc(100vw - 30px) -->\n\n\t<img decoding=\"async\" loading=\"eager\" class=\"resp-image \" src=\"https:\/\/www.ninetech.com\/no\/wp-content\/uploads\/sites\/3\/2020\/11\/helhetspartner-inom-digitalisering-1600x900.jpg\" srcset=\"https:\/\/www.ninetech.com\/no\/wp-content\/uploads\/sites\/3\/2020\/11\/helhetspartner-inom-digitalisering-1600x900.jpg 1600w, https:\/\/www.ninetech.com\/no\/wp-content\/uploads\/sites\/3\/2020\/11\/helhetspartner-inom-digitalisering-1920x1080.jpg 1920w, https:\/\/www.ninetech.com\/no\/wp-content\/uploads\/sites\/3\/2020\/11\/helhetspartner-inom-digitalisering-1440x810.jpg 1440w, https:\/\/www.ninetech.com\/no\/wp-content\/uploads\/sites\/3\/2020\/11\/helhetspartner-inom-digitalisering-1280x720.jpg 1280w, https:\/\/www.ninetech.com\/no\/wp-content\/uploads\/sites\/3\/2020\/11\/helhetspartner-inom-digitalisering-1024x576.jpg 1024w, https:\/\/www.ninetech.com\/no\/wp-content\/uploads\/sites\/3\/2020\/11\/helhetspartner-inom-digitalisering-768x432.jpg 768w, https:\/\/www.ninetech.com\/no\/wp-content\/uploads\/sites\/3\/2020\/11\/helhetspartner-inom-digitalisering-375x211.jpg 375w\" sizes=\"100vw\" alt=\"\" \/>\t<div class=\"dbyh-billboard-hero__content\">\n\t\t<div class=\"dbyh-billboard-hero__content__inner has-small-text has-light-text has-dark-background\">\n\t\t\t<h1>Strategiske partnerskap<\/h1>\n\t\t\t\t\t<\/div>\n\n\t<\/div>\n\t<\/div><\/section><div class=\"wrapper\">\n\n<\/div><section class=\"page_section page_section--group align-wrap align-wrap-full\">\n<div class=\"wp-block-group alignfull has-westar-greige-30-background-color has-background\"><div class=\"wp-block-group__inner-container is-layout-flow wp-block-group-is-layout-flow\">\n<div class=\"wp-block-group\"><div class=\"wp-block-group__inner-container is-layout-flow wp-block-group-is-layout-flow\"><nav aria-label=\"Br\u00f6dsmula\" class=\"breadcrumbs\"><ul><li class=\"is-here\"><\/li><li class=\"is-home\"><a href=\"https:\/\/www.ninetech.com\/no\"><span class=\"show-for-sr\">Startsida<\/span>Hem<\/a> <span class=\"delimiter\">\/<\/span> <\/li><li>Side<\/li><\/ul><\/nav>\n\n\n<div class=\"wp-block-group narrow\"><div class=\"wp-block-group__inner-container is-layout-flow wp-block-group-is-layout-flow\">\n<div class=\"dbyh-preamble dbyh-preamble--small\">\n\t<span>Sterke partnerskap og h\u00f8y partnerstatus hos plattformleverand\u00f8rene v\u00e5re gir dere som kunde trygghet. Vi har tilgang til den nyeste teknologien, kan v\u00e6re bindeleddet mot partnerne v\u00e5re dersom dere har sp\u00f8rsm\u00e5l om fremtid og utvikling. Og dere vet at vi har riktig kompetanse og n\u00f8dvendige sertifiseringer for \u00e5 maksimere verdien av hver enkelt plattform.<\/span>\n<\/div>\n\n\n<div class=\"dbyh-space set-invisible\" style=\"height: 140px; --tablet-height: 100px; --mobile-height: 100px;\">\n    <\/div><\/div><\/div>\n<\/div><\/div>\n<\/div><\/div>\n<\/section><div class=\"wrapper\">\n\n\n<div class=\"dbyh-space set-invisible\" style=\"height: 110px; --tablet-height: 60px; --mobile-height: 40px;\">\n    <\/div>\n\n\n<div class=\"wp-block-group narrow\"><div class=\"wp-block-group__inner-container is-layout-flow wp-block-group-is-layout-flow\">\n<div class=\"wp-block-columns are-vertically-aligned-top is-layout-flex wp-container-core-columns-is-layout-28f84493 wp-block-columns-is-layout-flex\">\n<div class=\"wp-block-column is-vertically-aligned-top is-layout-flow wp-block-column-is-layout-flow\"><div class=\"wp-block-image is-style-default\">\n<figure class=\"alignright size-large\"><img decoding=\"async\" src=\"https:\/\/www.ninetech.com\/wp-content\/uploads\/2021\/12\/Gold-Partner-Microsoft.svg\" alt=\"Gold Partner Microsoft\" class=\"wp-image-6145\"\/><\/figure>\n<\/div><\/div>\n\n\n\n<div class=\"wp-block-column is-vertically-aligned-top is-layout-flow wp-block-column-is-layout-flow\"><div class=\"wp-block-image is-style-default\">\n<figure class=\"aligncenter size-large is-resized\"><img decoding=\"async\" src=\"https:\/\/www.ninetech.com\/wp-content\/uploads\/2021\/12\/Azure.svg\" alt=\"Azure\" class=\"wp-image-6146\" style=\"width:165px;height:48px\"\/><\/figure>\n<\/div><\/div>\n\n\n\n<div class=\"wp-block-column is-vertically-aligned-top is-layout-flow wp-block-column-is-layout-flow\"><div class=\"wp-block-image is-style-default\">\n<figure class=\"alignleft size-large is-resized\"><img decoding=\"async\" src=\"https:\/\/www.ninetech.com\/wp-content\/uploads\/2021\/12\/Optimizely.svg\" alt=\"Optimizely\" class=\"wp-image-6144\" style=\"width:199px;height:46px\"\/><\/figure>\n<\/div><\/div>\n<\/div>\n\n\n\n<div class=\"wp-block-columns is-layout-flex wp-container-core-columns-is-layout-28f84493 wp-block-columns-is-layout-flex\">\n<div class=\"wp-block-column is-layout-flow wp-block-column-is-layout-flow\"><div class=\"wp-block-image\">\n<figure class=\"alignright size-large is-resized\"><img loading=\"lazy\" decoding=\"async\" width=\"99\" height=\"70\" src=\"https:\/\/www.ninetech.com\/wp-content\/uploads\/2023\/05\/Google-Partner-Flat.svg\" alt=\"\" class=\"wp-image-11106\" style=\"width:123px;height:87px\"\/><\/figure>\n<\/div><\/div>\n\n\n\n<div class=\"wp-block-column is-layout-flow wp-block-column-is-layout-flow\">\n<figure class=\"wp-block-image size-large\"><img loading=\"lazy\" decoding=\"async\" width=\"1024\" height=\"416\" src=\"https:\/\/www.ninetech.com\/wp-content\/uploads\/2025\/06\/Norce_logo_1_pos_RGB-1-1024x416.png\" alt=\"\" class=\"wp-image-13316\" srcset=\"https:\/\/www.ninetech.com\/no\/wp-content\/uploads\/sites\/3\/2025\/06\/Norce_logo_1_pos_RGB-1-1024x416.png 1024w, https:\/\/www.ninetech.com\/no\/wp-content\/uploads\/sites\/3\/2025\/06\/Norce_logo_1_pos_RGB-1-800x325.png 800w, https:\/\/www.ninetech.com\/no\/wp-content\/uploads\/sites\/3\/2025\/06\/Norce_logo_1_pos_RGB-1-768x312.png 768w, https:\/\/www.ninetech.com\/no\/wp-content\/uploads\/sites\/3\/2025\/06\/Norce_logo_1_pos_RGB-1-1536x624.png 1536w, https:\/\/www.ninetech.com\/no\/wp-content\/uploads\/sites\/3\/2025\/06\/Norce_logo_1_pos_RGB-1-2048x832.png 2048w\" sizes=\"auto, (max-width: 1024px) 100vw, 1024px\" \/><\/figure>\n<\/div>\n\n\n\n<div class=\"wp-block-column is-layout-flow wp-block-column-is-layout-flow\"><\/div>\n<\/div>\n<\/div><\/div>\n\n\n\n<div class=\"dbyh-space set-invisible\" style=\"height: 80px; --tablet-height: 60px; --mobile-height: 40px;\">\n    <\/div>\n\n<\/div><section class=\"page_section page_section--group align-wrap align-wrap-full\">\n<div class=\"wp-block-group alignfull narrow\"><div class=\"wp-block-group__inner-container is-layout-flow wp-block-group-is-layout-flow\">\n<div class=\"wp-block-group narrow\"><div class=\"wp-block-group__inner-container is-layout-flow wp-block-group-is-layout-flow\">\n<div class=\"wp-block-group extra-narrow\"><div class=\"wp-block-group__inner-container is-layout-flow wp-block-group-is-layout-flow\">\n<h2 class=\"p1\" style=\"text-align: left;\"><b>Microsoft Gold Partner<\/b><\/h2>\n<p class=\"p2\">Mange av teknologil\u00f8sningene vi leverer bygger p\u00e5 Microsoft-teknologi. Sammen med s\u00f8sterselskapene v\u00e5re har vi f\u00f8lgende partnerniv\u00e5er:<\/p>\n<ul class=\"ul1\">\n<li class=\"li2\"><b>Gold Application Development<\/b><br \/>Systemutvikling med Visual Studio, krever utviklersertifiseringer og kundereferanser<\/li>\n<li class=\"li2\"><b>Gold Collaboration and Content<\/b><br \/>L\u00f8sninger p\u00e5 SharePoint, krever utviklersertifiseringer og kundereferanser p\u00e5 SharePoint<\/li>\n<li class=\"li2\"><b>Gold Cloud Productivity<\/b><br \/>Forretning p\u00e5 Office 365, krever Office 365-sertifiseringer, tilstrekkelige lisensinntekter p\u00e5 Office 365 og kundereferanser p\u00e5 Office 365<\/li>\n<li class=\"li2\"><b>Silver Cloud Platform<\/b><br \/>Forretning p\u00e5 Azure, krever Azure-sertifiseringer, tilstrekkelige lisensinntekter p\u00e5 Azure og kundereferanser p\u00e5 Azure<\/li>\n<li class=\"li2\"><b>Silver Small and Midmarket Cloud Solutions<br \/><\/b>Forretning p\u00e5 Office 365, krever tilstrekkelige lisensinntekter p\u00e5 Office 365 og kundereferanser p\u00e5 Office 365.<\/li>\n<\/ul>\n<h4>\u00a0<\/h4>\n<h2 class=\"p1\" style=\"text-align: left;\"><b>InRiver Gold Partner<\/b><\/h2>\n<p class=\"p2\">inRiver er en ledende leverand\u00f8r innen PIM \u2013 Product Information Management\/Marketing. For flere av kundene v\u00e5re er inRiver PIM navet i den digitale forretningen og et viktig verkt\u00f8y for raskt, effektivt og med h\u00f8yeste kvalitet \u00e5 levere riktig produktinformasjon, via riktige kanaler til riktig m\u00e5lgruppe. Vi har implementert inRiver PIM for flere ledende svenske selskaper, deriblant W\u00fcrth, Dormy Sports &amp; Fashion og Vedum K\u00f6k &amp; Bad. Hos Ninetech finnes det flere sertifiserte inRiver PIM-konsulenter.<\/p>\n<h4>\u00a0<\/h4>\n<h2 class=\"p1\" style=\"text-align: left;\"><b>Optimizely Premium Solution Partner<\/b><\/h2>\n<p data-start=\"0\" data-end=\"378\">Optimizely er en ledende plattform for CMS, e-handel og digital markedsf\u00f8ring. Vi har jobbet med Optimizely-plattformen, tidligere EPiServer, siden 2006 og har levert en rekke prisbel\u00f8nte nettsider, e-handelsl\u00f8sninger og intranett. Blant kundereferansene v\u00e5re finner du blant annet SkiStar, W\u00fcrth, Obos Sverige, Myresj\u00f6hus, Sm\u00e5landsvillan, Viking Line og Svensk Kollektivtrafik.<\/p>\n<p data-start=\"380\" data-end=\"516\" data-is-last-node=\"\" data-is-only-node=\"\">Vi har flere sertifiserte utviklere med lang erfaring i \u00e5 utnytte kraften i Optimizely-plattformen for \u00e5 skape bransjeledende l\u00f8sninger.<\/p>\n<h4>\u00a0<\/h4>\n<h2>Google Partner<\/h2>\n<p>Google Marketing Platform er en komplett samling verkt\u00f8y for digital kommunikasjon, annonsering, optimalisering og innsiktsdrevet analyse. Vi hjelper mange kunder med \u00e5 optimalisere den digitale tilstedev\u00e6relsen og synligheten deres. Vi har flere sertifiserte medarbeidere som hjelper kundene v\u00e5re med \u00e5 utnytte kraften og fordelene i Googles plattform.<\/p>\n\n\n\n<h2 class=\"wp-block-heading\">Norce<\/h2>\n\n\n\n<p>Norce er Nordens ledende SaaS-plattform for digital handel. Vi gir B2B- og B2C-selskaper kraftfull teknologi for \u00e5 akselerere digitale forretninger. V\u00e5r ekspertise er \u00e5 h\u00e5ndtere store og komplekse sortimenter, optimalisere prising og kampanjer samt levere kraftfull B2B-funksjonalitet. Vi m\u00f8ter sv\u00e6rt h\u00f8ye krav til sikkerhet, fleksibilitet og skalerbarhet gjennom en arkitektur som er true SaaS, API-first, headless og composable.<\/p>\n\n\n\n<p><\/p>\n<\/div><\/div>\n<\/div><\/div>\n<\/div><\/div>\n<\/section><div class=\"wrapper\">\n\n\n<div class=\"dbyh-space set-invisible\" style=\"height: 80px; --tablet-height: 60px; --mobile-height: 40px;\">\n    <\/div>\n\n\n<p><\/p>\n","protected":false},"excerpt":{"rendered":"<p>Microsoft Gold Partner Mange av teknologil\u00f8sningene vi leverer bygger p\u00e5 Microsoft-teknologi. Sammen med s\u00f8sterselskapene v\u00e5re har vi f\u00f8lgende partnerniv\u00e5er: Gold Application DevelopmentSystemutvikling med Visual Studio, krever utviklersertifiseringer og kundereferanser Gold Collaboration and ContentL\u00f8sninger p\u00e5 SharePoint, krever utviklersertifiseringer og kundereferanser p\u00e5 SharePoint Gold Cloud ProductivityForretning p\u00e5 Office 365, krever Office 365-sertifiseringer, tilstrekkelige lisensinntekter p\u00e5 Office 365 [&hellip;]<\/p>\n","protected":false},"author":5,"featured_media":2205,"parent":13594,"menu_order":40,"comment_status":"closed","ping_status":"closed","template":"","meta":{"_acf_changed":false,"content-type":"","footnotes":""},"class_list":["post-13601","page","type-page","status-publish","has-post-thumbnail","hentry"],"acf":[],"yoast_head":"<!-- This site is optimized with the Yoast SEO plugin v27.3 - https:\/\/yoast.com\/product\/yoast-seo-wordpress\/ -->\n<title>Partners - Ninetech - no<\/title>\n<meta name=\"robots\" content=\"index, follow, max-snippet:-1, max-image-preview:large, max-video-preview:-1\" \/>\n<link rel=\"canonical\" href=\"https:\/\/www.ninetech.com\/no\/om-ninetech-2\/partners\/\" \/>\n<meta property=\"og:locale\" content=\"nb_NO\" \/>\n<meta property=\"og:type\" content=\"article\" \/>\n<meta property=\"og:title\" content=\"Partners - Ninetech - no\" \/>\n<meta property=\"og:description\" content=\"Microsoft Gold Partner Mange av teknologil\u00f8sningene vi leverer bygger p\u00e5 Microsoft-teknologi. Sammen med s\u00f8sterselskapene v\u00e5re har vi f\u00f8lgende partnerniv\u00e5er: Gold Application DevelopmentSystemutvikling med Visual Studio, krever utviklersertifiseringer og kundereferanser Gold Collaboration and ContentL\u00f8sninger p\u00e5 SharePoint, krever utviklersertifiseringer og kundereferanser p\u00e5 SharePoint Gold Cloud ProductivityForretning p\u00e5 Office 365, krever Office 365-sertifiseringer, tilstrekkelige lisensinntekter p\u00e5 Office 365 [&hellip;]\" \/>\n<meta property=\"og:url\" content=\"https:\/\/www.ninetech.com\/no\/om-ninetech-2\/partners\/\" \/>\n<meta property=\"og:site_name\" content=\"Ninetech - no\" \/>\n<meta property=\"article:modified_time\" content=\"2026-01-15T11:02:49+00:00\" \/>\n<meta property=\"og:image\" content=\"https:\/\/www.ninetech.com\/no\/wp-content\/uploads\/sites\/3\/2018\/06\/partners.jpg\" \/>\n\t<meta property=\"og:image:width\" content=\"2185\" \/>\n\t<meta property=\"og:image:height\" content=\"1090\" \/>\n\t<meta property=\"og:image:type\" content=\"image\/jpeg\" \/>\n<meta name=\"twitter:card\" content=\"summary_large_image\" \/>\n<meta name=\"twitter:label1\" content=\"Ansl. lesetid\" \/>\n\t<meta name=\"twitter:data1\" content=\"3 minutter\" \/>\n<script type=\"application\/ld+json\" class=\"yoast-schema-graph\">{\"@context\":\"https:\\\/\\\/schema.org\",\"@graph\":[{\"@type\":\"WebPage\",\"@id\":\"https:\\\/\\\/www.ninetech.com\\\/no\\\/om-ninetech-2\\\/partners\\\/\",\"url\":\"https:\\\/\\\/www.ninetech.com\\\/no\\\/om-ninetech-2\\\/partners\\\/\",\"name\":\"Partners - Ninetech - no\",\"isPartOf\":{\"@id\":\"https:\\\/\\\/www.ninetech.com\\\/no\\\/#website\"},\"primaryImageOfPage\":{\"@id\":\"https:\\\/\\\/www.ninetech.com\\\/no\\\/om-ninetech-2\\\/partners\\\/#primaryimage\"},\"image\":{\"@id\":\"https:\\\/\\\/www.ninetech.com\\\/no\\\/om-ninetech-2\\\/partners\\\/#primaryimage\"},\"thumbnailUrl\":\"https:\\\/\\\/www.ninetech.com\\\/no\\\/wp-content\\\/uploads\\\/sites\\\/3\\\/2018\\\/06\\\/partners.jpg\",\"datePublished\":\"2026-01-15T11:02:47+00:00\",\"dateModified\":\"2026-01-15T11:02:49+00:00\",\"breadcrumb\":{\"@id\":\"https:\\\/\\\/www.ninetech.com\\\/no\\\/om-ninetech-2\\\/partners\\\/#breadcrumb\"},\"inLanguage\":\"nb-NO\",\"potentialAction\":[{\"@type\":\"ReadAction\",\"target\":[\"https:\\\/\\\/www.ninetech.com\\\/no\\\/om-ninetech-2\\\/partners\\\/\"]}]},{\"@type\":\"ImageObject\",\"inLanguage\":\"nb-NO\",\"@id\":\"https:\\\/\\\/www.ninetech.com\\\/no\\\/om-ninetech-2\\\/partners\\\/#primaryimage\",\"url\":\"https:\\\/\\\/www.ninetech.com\\\/no\\\/wp-content\\\/uploads\\\/sites\\\/3\\\/2018\\\/06\\\/partners.jpg\",\"contentUrl\":\"https:\\\/\\\/www.ninetech.com\\\/no\\\/wp-content\\\/uploads\\\/sites\\\/3\\\/2018\\\/06\\\/partners.jpg\",\"width\":2185,\"height\":1090},{\"@type\":\"BreadcrumbList\",\"@id\":\"https:\\\/\\\/www.ninetech.com\\\/no\\\/om-ninetech-2\\\/partners\\\/#breadcrumb\",\"itemListElement\":[{\"@type\":\"ListItem\",\"position\":1,\"name\":\"Hem\",\"item\":\"https:\\\/\\\/www.ninetech.com\\\/no\\\/\"},{\"@type\":\"ListItem\",\"position\":2,\"name\":\"Om Ninetech\",\"item\":\"https:\\\/\\\/www.ninetech.com\\\/no\\\/om-ninetech-2\\\/\"},{\"@type\":\"ListItem\",\"position\":3,\"name\":\"Partners\"}]},{\"@type\":\"WebSite\",\"@id\":\"https:\\\/\\\/www.ninetech.com\\\/no\\\/#website\",\"url\":\"https:\\\/\\\/www.ninetech.com\\\/no\\\/\",\"name\":\"Ninetech - no\",\"description\":\"Experter p\u00e5 digital utveckling\",\"potentialAction\":[{\"@type\":\"SearchAction\",\"target\":{\"@type\":\"EntryPoint\",\"urlTemplate\":\"https:\\\/\\\/www.ninetech.com\\\/no\\\/?s={search_term_string}\"},\"query-input\":{\"@type\":\"PropertyValueSpecification\",\"valueRequired\":true,\"valueName\":\"search_term_string\"}}],\"inLanguage\":\"nb-NO\"}]}<\/script>\n<!-- \/ Yoast SEO plugin. -->","yoast_head_json":{"title":"Partners - Ninetech - no","robots":{"index":"index","follow":"follow","max-snippet":"max-snippet:-1","max-image-preview":"max-image-preview:large","max-video-preview":"max-video-preview:-1"},"canonical":"https:\/\/www.ninetech.com\/no\/om-ninetech-2\/partners\/","og_locale":"nb_NO","og_type":"article","og_title":"Partners - Ninetech - no","og_description":"Microsoft Gold Partner Mange av teknologil\u00f8sningene vi leverer bygger p\u00e5 Microsoft-teknologi. Sammen med s\u00f8sterselskapene v\u00e5re har vi f\u00f8lgende partnerniv\u00e5er: Gold Application DevelopmentSystemutvikling med Visual Studio, krever utviklersertifiseringer og kundereferanser Gold Collaboration and ContentL\u00f8sninger p\u00e5 SharePoint, krever utviklersertifiseringer og kundereferanser p\u00e5 SharePoint Gold Cloud ProductivityForretning p\u00e5 Office 365, krever Office 365-sertifiseringer, tilstrekkelige lisensinntekter p\u00e5 Office 365 [&hellip;]","og_url":"https:\/\/www.ninetech.com\/no\/om-ninetech-2\/partners\/","og_site_name":"Ninetech - no","article_modified_time":"2026-01-15T11:02:49+00:00","og_image":[{"width":2185,"height":1090,"url":"https:\/\/www.ninetech.com\/no\/wp-content\/uploads\/sites\/3\/2018\/06\/partners.jpg","type":"image\/jpeg"}],"twitter_card":"summary_large_image","twitter_misc":{"Ansl. lesetid":"3 minutter"},"schema":{"@context":"https:\/\/schema.org","@graph":[{"@type":"WebPage","@id":"https:\/\/www.ninetech.com\/no\/om-ninetech-2\/partners\/","url":"https:\/\/www.ninetech.com\/no\/om-ninetech-2\/partners\/","name":"Partners - Ninetech - no","isPartOf":{"@id":"https:\/\/www.ninetech.com\/no\/#website"},"primaryImageOfPage":{"@id":"https:\/\/www.ninetech.com\/no\/om-ninetech-2\/partners\/#primaryimage"},"image":{"@id":"https:\/\/www.ninetech.com\/no\/om-ninetech-2\/partners\/#primaryimage"},"thumbnailUrl":"https:\/\/www.ninetech.com\/no\/wp-content\/uploads\/sites\/3\/2018\/06\/partners.jpg","datePublished":"2026-01-15T11:02:47+00:00","dateModified":"2026-01-15T11:02:49+00:00","breadcrumb":{"@id":"https:\/\/www.ninetech.com\/no\/om-ninetech-2\/partners\/#breadcrumb"},"inLanguage":"nb-NO","potentialAction":[{"@type":"ReadAction","target":["https:\/\/www.ninetech.com\/no\/om-ninetech-2\/partners\/"]}]},{"@type":"ImageObject","inLanguage":"nb-NO","@id":"https:\/\/www.ninetech.com\/no\/om-ninetech-2\/partners\/#primaryimage","url":"https:\/\/www.ninetech.com\/no\/wp-content\/uploads\/sites\/3\/2018\/06\/partners.jpg","contentUrl":"https:\/\/www.ninetech.com\/no\/wp-content\/uploads\/sites\/3\/2018\/06\/partners.jpg","width":2185,"height":1090},{"@type":"BreadcrumbList","@id":"https:\/\/www.ninetech.com\/no\/om-ninetech-2\/partners\/#breadcrumb","itemListElement":[{"@type":"ListItem","position":1,"name":"Hem","item":"https:\/\/www.ninetech.com\/no\/"},{"@type":"ListItem","position":2,"name":"Om Ninetech","item":"https:\/\/www.ninetech.com\/no\/om-ninetech-2\/"},{"@type":"ListItem","position":3,"name":"Partners"}]},{"@type":"WebSite","@id":"https:\/\/www.ninetech.com\/no\/#website","url":"https:\/\/www.ninetech.com\/no\/","name":"Ninetech - no","description":"Experter p\u00e5 digital utveckling","potentialAction":[{"@type":"SearchAction","target":{"@type":"EntryPoint","urlTemplate":"https:\/\/www.ninetech.com\/no\/?s={search_term_string}"},"query-input":{"@type":"PropertyValueSpecification","valueRequired":true,"valueName":"search_term_string"}}],"inLanguage":"nb-NO"}]}},"_links":{"self":[{"href":"https:\/\/www.ninetech.com\/no\/wp-json\/wp\/v2\/pages\/13601","targetHints":{"allow":["GET"]}}],"collection":[{"href":"https:\/\/www.ninetech.com\/no\/wp-json\/wp\/v2\/pages"}],"about":[{"href":"https:\/\/www.ninetech.com\/no\/wp-json\/wp\/v2\/types\/page"}],"author":[{"embeddable":true,"href":"https:\/\/www.ninetech.com\/no\/wp-json\/wp\/v2\/users\/5"}],"replies":[{"embeddable":true,"href":"https:\/\/www.ninetech.com\/no\/wp-json\/wp\/v2\/comments?post=13601"}],"version-history":[{"count":1,"href":"https:\/\/www.ninetech.com\/no\/wp-json\/wp\/v2\/pages\/13601\/revisions"}],"predecessor-version":[{"id":13609,"href":"https:\/\/www.ninetech.com\/no\/wp-json\/wp\/v2\/pages\/13601\/revisions\/13609"}],"up":[{"embeddable":true,"href":"https:\/\/www.ninetech.com\/no\/wp-json\/wp\/v2\/pages\/13594"}],"wp:featuredmedia":[{"embeddable":true,"href":"https:\/\/www.ninetech.com\/no\/wp-json\/wp\/v2\/media\/2205"}],"wp:attachment":[{"href":"https:\/\/www.ninetech.com\/no\/wp-json\/wp\/v2\/media?parent=13601"}],"curies":[{"name":"wp","href":"https:\/\/api.w.org\/{rel}","templated":true}]}}