{"id":13604,"date":"2026-01-20T13:59:05","date_gmt":"2026-01-20T13:59:05","guid":{"rendered":"https:\/\/ninetech.com\/no\/?page_id=13604"},"modified":"2026-02-09T15:09:08","modified_gmt":"2026-02-09T15:09:08","slug":"kontakt-2","status":"publish","type":"page","link":"https:\/\/www.ninetech.com\/no\/kontakt-2\/","title":{"rendered":"Kontakt"},"content":{"rendered":"<\/div><section class=\"page_section page_section--billboard-hero align-wrap align-wrap-full\">\n\n<div class=\"dbyh-billboard-hero alignfull size-hero-small\">\n\t<!-- (min-width: 1600px) 768px, (min-width: 1200px) 690px, (min-width: 992px) 512px, (min-width: 544px) 690px, calc(100vw - 30px) -->\n\n\t<img decoding=\"async\" loading=\"eager\" class=\"resp-image has-animation\" src=\"https:\/\/www.ninetech.com\/no\/wp-content\/uploads\/sites\/3\/2021\/12\/Nr-079_Ninetech_manadsmote_211126-1600x900.jpg\" srcset=\"https:\/\/www.ninetech.com\/no\/wp-content\/uploads\/sites\/3\/2021\/12\/Nr-079_Ninetech_manadsmote_211126-1600x900.jpg 1600w, https:\/\/www.ninetech.com\/no\/wp-content\/uploads\/sites\/3\/2021\/12\/Nr-079_Ninetech_manadsmote_211126-1920x1080.jpg 1920w, https:\/\/www.ninetech.com\/no\/wp-content\/uploads\/sites\/3\/2021\/12\/Nr-079_Ninetech_manadsmote_211126-1440x810.jpg 1440w, https:\/\/www.ninetech.com\/no\/wp-content\/uploads\/sites\/3\/2021\/12\/Nr-079_Ninetech_manadsmote_211126-1280x720.jpg 1280w, https:\/\/www.ninetech.com\/no\/wp-content\/uploads\/sites\/3\/2021\/12\/Nr-079_Ninetech_manadsmote_211126-1024x576.jpg 1024w, https:\/\/www.ninetech.com\/no\/wp-content\/uploads\/sites\/3\/2021\/12\/Nr-079_Ninetech_manadsmote_211126-768x432.jpg 768w, https:\/\/www.ninetech.com\/no\/wp-content\/uploads\/sites\/3\/2021\/12\/Nr-079_Ninetech_manadsmote_211126-375x211.jpg 375w\" sizes=\"100vw\" alt=\"\" \/>\t<div class=\"dbyh-billboard-hero__content\">\n\t\t<div class=\"dbyh-billboard-hero__content__inner has-small-text has-light-text\">\n\t\t\t<h1>Snakk med en r\u00e5dgivende selger<\/h1>\n\t\t\t\t\t<\/div>\n\n\t<\/div>\n\t<\/div><\/section><div class=\"wrapper\">\n\n<\/div><section class=\"page_section page_section--group align-wrap align-wrap-full\">\n<div class=\"wp-block-group alignfull\"><div class=\"wp-block-group__inner-container is-layout-flow wp-block-group-is-layout-flow\">\n<div class=\"wp-block-group\"><div class=\"wp-block-group__inner-container is-layout-flow wp-block-group-is-layout-flow\"><nav aria-label=\"Br\u00f6dsmula\" class=\"breadcrumbs\"><ul><li class=\"is-here\"><\/li><li class=\"is-home\"><a href=\"https:\/\/www.ninetech.com\/no\"><span class=\"show-for-sr\">Startsida<\/span>Hem<\/a> <span class=\"delimiter\">\/<\/span> <\/li><li>Side<\/li><\/ul><\/nav><\/div><\/div>\n<\/div><\/div>\n<\/section><div class=\"wrapper\">\n\n\n<div class=\"wp-block-group extra-narrow has-text-color\" style=\"color:#383e45\"><div class=\"wp-block-group__inner-container is-layout-flow wp-block-group-is-layout-flow\">\n<div class=\"dbyh-space set-invisible\" style=\"height: 60px; --tablet-height: 60px; --mobile-height: 30px;\">\n    <\/div>\n\n\n<div class=\"wp-block-columns are-vertically-aligned-center is-layout-flex wp-container-core-columns-is-layout-28f84493 wp-block-columns-is-layout-flex\">\n<div class=\"wp-block-column is-vertically-aligned-center is-layout-flow wp-block-column-is-layout-flow\" style=\"flex-basis:50%\">\n<figure class=\"wp-block-image size-full\"><img loading=\"lazy\" decoding=\"async\" width=\"960\" height=\"835\" src=\"https:\/\/www.ninetech.com\/wp-content\/uploads\/2022\/09\/bjorn-johannessen.jpg\" alt=\"\" class=\"wp-image-9414\" srcset=\"https:\/\/www.ninetech.com\/no\/wp-content\/uploads\/sites\/3\/2022\/09\/bjorn-johannessen.jpg 960w, https:\/\/www.ninetech.com\/no\/wp-content\/uploads\/sites\/3\/2022\/09\/bjorn-johannessen-800x696.jpg 800w, https:\/\/www.ninetech.com\/no\/wp-content\/uploads\/sites\/3\/2022\/09\/bjorn-johannessen-768x668.jpg 768w\" sizes=\"auto, (max-width: 960px) 100vw, 960px\" \/><\/figure>\n\n\n\n<p>Bj\u00f6rn er salgsdirekt\u00f8r i Ninetech og har stor lidenskap for kunden\u00e6r og vekstdrivende digitalisering.<br><br><\/p>\n\n\n\n<p class=\"has-westar-greige-10-background-color has-background has-small-font-size\">Ort: Karlstad \/Stockholm \/Oslo<br>Telefon: <a href=\"tel:+4672 215 01 85\">+46 (0)72 215 01 85<\/a><br><a href=\"mailto:bjorn.johannessen@ninetech.com\">bjorn.johannessen@ninetech.com<\/a><br><a href=\"https:\/\/www.linkedin.com\/in\/bj%C3%B6rn-johannessen-46a18a35\/\" target=\"_blank\" rel=\"noreferrer noopener\">Skapa kontakt p\u00e5 LinkedIn<\/a><\/p>\n<\/div>\n<\/div>\n<\/div><\/div>\n\n\n\n<div class=\"dbyh-space set-invisible\" style=\"height: 60px; --tablet-height: 40px; --mobile-height: 40px;\">\n    <\/div>\n\n<\/div><section class=\"page_section page_section--group align-wrap align-wrap-full\">\n<div class=\"wp-block-group alignfull has-westar-greige-30-background-color has-background\"><div class=\"wp-block-group__inner-container is-layout-flow wp-block-group-is-layout-flow\">\n<div class=\"dbyh-space set-invisible\" style=\"height: 60px; --tablet-height: 50px; --mobile-height: 25px;\">\n    <\/div>\n\n\n<div class=\"wp-block-group extra-narrow\"><div class=\"wp-block-group__inner-container is-layout-flow wp-block-group-is-layout-flow\">\n<h1>Kontakt Service Desk<\/h1>\n<p data-start=\"0\" data-end=\"197\">Nedenfor finner du kontaktinformasjon til kontorene v\u00e5re og noen av oss i Ninetech. Har du generelle sp\u00f8rsm\u00e5l eller er usikker p\u00e5 hvem du b\u00f8r ta kontakt med, kan du bruke skjemaet nederst p\u00e5 siden.<\/p>\n<p data-start=\"199\" data-end=\"335\" data-is-last-node=\"\" data-is-only-node=\"\">\u00d8nsker du \u00e5 komme i kontakt med v\u00e5r Service Desk (gjelder deg med avtale), kan du gj\u00f8re det p\u00e5<\/p>\n<p><a style=\"font-size: revert;\" href=\"tel:010-470 65 95\">010-470 65 95<\/a><span style=\"font-size: revert; color: initial;\"> eller <\/span><a style=\"font-size: revert;\" href=\"mailto:support@ninetech.com\">support@ninetech.com<\/a><\/p>\n<\/div><\/div>\n\n\n\n<div class=\"dbyh-space set-invisible\" style=\"height: 60px; --tablet-height: 50px; --mobile-height: 25px;\">\n    <\/div><\/div><\/div>\n<\/section><div class=\"wrapper\">\n\n\n<div class=\"wp-block-group extra-narrow has-text-color\" style=\"color:#383e45\"><div class=\"wp-block-group__inner-container is-layout-flow wp-block-group-is-layout-flow\">\n<div class=\"dbyh-space set-invisible\" style=\"height: 60px; --tablet-height: 60px; --mobile-height: 30px;\">\n    <\/div>\n\n\n<div class=\"wp-block-group extra-narrow\"><div class=\"wp-block-group__inner-container is-layout-constrained wp-block-group-is-layout-constrained\">\n\n<div class=\"dbyh-heading-with-border\"\">\n\t<span class=\"dbyh-heading-with-border__pre\">Finn veien til oss<\/span>\n\t<div class=\"dbyh-heading-with-border__heading\">\n\t\t<h2>Bes\u00f8ksadresser<\/h2>\n\t<\/div>\n<\/div>\n\n\n<div id=\"stockholm\" class=\"wp-block-group narrow has-westar-greige-10-background-color has-background\"><div class=\"wp-block-group__inner-container is-layout-constrained wp-block-group-is-layout-constrained\">\n<h3 class=\"wp-block-heading\">Stockholm<\/h3>\n\n\n\n<div class=\"wp-block-columns is-layout-flex wp-container-core-columns-is-layout-28f84493 wp-block-columns-is-layout-flex\">\n<div class=\"wp-block-column is-layout-flow wp-block-column-is-layout-flow\" style=\"flex-basis:66.66%\">\n<p>Barnhusgatan 20, 111 23 Stockholm<\/p>\n<\/div>\n\n\n\n<div class=\"wp-block-column is-layout-flow wp-block-column-is-layout-flow\" style=\"flex-basis:33.33%\"><\/div>\n<\/div>\n<\/div><\/div>\n\n\n\n<div class=\"dbyh-space set-invisible\" style=\"height: 50px; --tablet-height: 15px; --mobile-height: 5px;\">\n    <\/div>\n\n\n<div id=\"linkoping\" class=\"wp-block-group narrow has-westar-greige-10-background-color has-background\"><div class=\"wp-block-group__inner-container is-layout-constrained wp-block-group-is-layout-constrained\">\n<h3 class=\"wp-block-heading\">Link\u00f6ping<\/h3>\n\n\n\n<div class=\"wp-block-columns is-layout-flex wp-container-core-columns-is-layout-28f84493 wp-block-columns-is-layout-flex\">\n<div class=\"wp-block-column is-layout-flow wp-block-column-is-layout-flow\" style=\"flex-basis:66.66%\">\n<p>Platensgatan 10B, 582 20 Link\u00f6ping<\/p>\n<\/div>\n\n\n\n<div class=\"wp-block-column is-layout-flow wp-block-column-is-layout-flow\" style=\"flex-basis:33.33%\"><\/div>\n<\/div>\n<\/div><\/div>\n\n\n\n<div class=\"dbyh-space set-invisible\" style=\"height: 50px; --tablet-height: 15px; --mobile-height: 5px;\">\n    <\/div>\n\n\n<div id=\"orebro\" class=\"wp-block-group narrow has-westar-greige-10-background-color has-background\"><div class=\"wp-block-group__inner-container is-layout-constrained wp-block-group-is-layout-constrained\">\n<h3 class=\"wp-block-heading\">\u00d6rebro<\/h3>\n\n\n\n<div class=\"wp-block-columns is-layout-flex wp-container-core-columns-is-layout-28f84493 wp-block-columns-is-layout-flex\">\n<div class=\"wp-block-column is-layout-flow wp-block-column-is-layout-flow\" style=\"flex-basis:66.66%\">\n<p>Fabriksgatan 47, 702 23 \u00d6rebro<\/p>\n<\/div>\n\n\n\n<div class=\"wp-block-column is-layout-flow wp-block-column-is-layout-flow\" style=\"flex-basis:33.33%\"><\/div>\n<\/div>\n<\/div><\/div>\n\n\n\n<div class=\"dbyh-space set-invisible\" style=\"height: 50px; --tablet-height: 15px; --mobile-height: 5px;\">\n    <\/div>\n\n\n<div id=\"karlstad\" class=\"wp-block-group narrow has-westar-greige-10-background-color has-background\"><div class=\"wp-block-group__inner-container is-layout-constrained wp-block-group-is-layout-constrained\">\n<h3 class=\"wp-block-heading\">Karlstad (HK)<\/h3>\n\n\n\n<div class=\"wp-block-columns is-layout-flex wp-container-core-columns-is-layout-28f84493 wp-block-columns-is-layout-flex\">\n<div class=\"wp-block-column is-layout-flow wp-block-column-is-layout-flow\" style=\"flex-basis:66.66%\">\n<p>Kungsgatan 14, 652 24 Karlstad<\/p>\n<\/div>\n\n\n\n<div class=\"wp-block-column is-layout-flow wp-block-column-is-layout-flow\" style=\"flex-basis:33.33%\"><\/div>\n<\/div>\n<\/div><\/div>\n<\/div><\/div>\n<\/div><\/div>\n\n\n\n<div class=\"dbyh-space set-invisible\" style=\"height: 50px; --tablet-height: 15px; --mobile-height: 5px;\">\n    <\/div>\n\n<\/div><section class=\"page_section page_section--group align-wrap align-wrap-full\">\n<div class=\"wp-block-group alignfull has-westar-greige-30-background-color has-background\"><div class=\"wp-block-group__inner-container is-layout-flow wp-block-group-is-layout-flow\">\n<div class=\"dbyh-space set-invisible\" style=\"height: 100px; --tablet-height: 40px; --mobile-height: 30px;\">\n    <\/div>\n\n\n<div class=\"wp-block-group narrow\"><div class=\"wp-block-group__inner-container is-layout-flow wp-block-group-is-layout-flow\">\n<h2 class=\"wp-block-heading has-text-align-center\">Kontakt oss via skjemaet<\/h2>\n<\/div><\/div>\n\n\n\n<div class=\"dbyh-space set-invisible\" style=\"height: 40px; --tablet-height: 30px; --mobile-height: 30px;\">\n    <\/div>\n\n\n<div class=\"wp-block-group extra-narrow\"><div class=\"wp-block-group__inner-container is-layout-flow wp-block-group-is-layout-flow\">\n<script charset=\"utf-8\" type=\"text\/javascript\" src=\"\/\/js-eu1.hsforms.net\/forms\/embed\/v2.js\"><\/script>\n<script>\n  hbspt.forms.create({\n    portalId: \"145811293\",\n    formId: \"164cedbd-da0c-436c-aab0-23c6125b55c5\",\n    region: \"eu1\"\n  });\n<\/script>\n<\/div><\/div>\n\n\n\n<div class=\"dbyh-space set-invisible\" style=\"height: 100px; --tablet-height: 40px; --mobile-height: 30px;\">\n    <\/div><\/div><\/div>\n<\/section><div class=\"wrapper\">","protected":false},"excerpt":{"rendered":"<p>Bj\u00f6rn er salgsdirekt\u00f8r i Ninetech og har stor lidenskap for kunden\u00e6r og vekstdrivende digitalisering. Ort: Karlstad \/Stockholm \/OsloTelefon: +46 (0)72 215 01 85bjorn.johannessen@ninetech.comSkapa kontakt p\u00e5 LinkedIn Kontakt Service Desk Nedenfor finner du kontaktinformasjon til kontorene v\u00e5re og noen av oss i Ninetech. Har du generelle sp\u00f8rsm\u00e5l eller er usikker p\u00e5 hvem du b\u00f8r ta kontakt [&hellip;]<\/p>\n","protected":false},"author":5,"featured_media":0,"parent":0,"menu_order":100,"comment_status":"closed","ping_status":"closed","template":"","meta":{"_acf_changed":false,"content-type":"","footnotes":""},"class_list":["post-13604","page","type-page","status-publish","hentry"],"acf":[],"yoast_head":"<!-- This site is optimized with the Yoast SEO plugin v27.3 - https:\/\/yoast.com\/product\/yoast-seo-wordpress\/ -->\n<title>Kontakt - Ninetech - no<\/title>\n<meta name=\"robots\" content=\"index, follow, max-snippet:-1, max-image-preview:large, max-video-preview:-1\" \/>\n<link rel=\"canonical\" href=\"https:\/\/www.ninetech.com\/no\/kontakt-2\/\" \/>\n<meta property=\"og:locale\" content=\"nb_NO\" \/>\n<meta property=\"og:type\" content=\"article\" \/>\n<meta property=\"og:title\" content=\"Kontakt - Ninetech - no\" \/>\n<meta property=\"og:description\" content=\"Bj\u00f6rn er salgsdirekt\u00f8r i Ninetech og har stor lidenskap for kunden\u00e6r og vekstdrivende digitalisering. Ort: Karlstad \/Stockholm \/OsloTelefon: +46 (0)72 215 01 85bjorn.johannessen@ninetech.comSkapa kontakt p\u00e5 LinkedIn Kontakt Service Desk Nedenfor finner du kontaktinformasjon til kontorene v\u00e5re og noen av oss i Ninetech. Har du generelle sp\u00f8rsm\u00e5l eller er usikker p\u00e5 hvem du b\u00f8r ta kontakt [&hellip;]\" \/>\n<meta property=\"og:url\" content=\"https:\/\/www.ninetech.com\/no\/kontakt-2\/\" \/>\n<meta property=\"og:site_name\" content=\"Ninetech - no\" \/>\n<meta property=\"article:modified_time\" content=\"2026-02-09T15:09:08+00:00\" \/>\n<meta property=\"og:image\" content=\"https:\/\/www.ninetech.com\/wp-content\/uploads\/2022\/09\/bjorn-johannessen.jpg\" \/>\n<meta name=\"twitter:card\" content=\"summary_large_image\" \/>\n<meta name=\"twitter:label1\" content=\"Ansl. lesetid\" \/>\n\t<meta name=\"twitter:data1\" content=\"1 minutt\" \/>\n<script type=\"application\/ld+json\" class=\"yoast-schema-graph\">{\"@context\":\"https:\\\/\\\/schema.org\",\"@graph\":[{\"@type\":\"WebPage\",\"@id\":\"https:\\\/\\\/www.ninetech.com\\\/no\\\/kontakt-2\\\/\",\"url\":\"https:\\\/\\\/www.ninetech.com\\\/no\\\/kontakt-2\\\/\",\"name\":\"Kontakt - Ninetech - no\",\"isPartOf\":{\"@id\":\"https:\\\/\\\/www.ninetech.com\\\/no\\\/#website\"},\"primaryImageOfPage\":{\"@id\":\"https:\\\/\\\/www.ninetech.com\\\/no\\\/kontakt-2\\\/#primaryimage\"},\"image\":{\"@id\":\"https:\\\/\\\/www.ninetech.com\\\/no\\\/kontakt-2\\\/#primaryimage\"},\"thumbnailUrl\":\"https:\\\/\\\/www.ninetech.com\\\/wp-content\\\/uploads\\\/2022\\\/09\\\/bjorn-johannessen.jpg\",\"datePublished\":\"2026-01-20T13:59:05+00:00\",\"dateModified\":\"2026-02-09T15:09:08+00:00\",\"breadcrumb\":{\"@id\":\"https:\\\/\\\/www.ninetech.com\\\/no\\\/kontakt-2\\\/#breadcrumb\"},\"inLanguage\":\"nb-NO\",\"potentialAction\":[{\"@type\":\"ReadAction\",\"target\":[\"https:\\\/\\\/www.ninetech.com\\\/no\\\/kontakt-2\\\/\"]}]},{\"@type\":\"ImageObject\",\"inLanguage\":\"nb-NO\",\"@id\":\"https:\\\/\\\/www.ninetech.com\\\/no\\\/kontakt-2\\\/#primaryimage\",\"url\":\"https:\\\/\\\/www.ninetech.com\\\/wp-content\\\/uploads\\\/2022\\\/09\\\/bjorn-johannessen.jpg\",\"contentUrl\":\"https:\\\/\\\/www.ninetech.com\\\/wp-content\\\/uploads\\\/2022\\\/09\\\/bjorn-johannessen.jpg\"},{\"@type\":\"BreadcrumbList\",\"@id\":\"https:\\\/\\\/www.ninetech.com\\\/no\\\/kontakt-2\\\/#breadcrumb\",\"itemListElement\":[{\"@type\":\"ListItem\",\"position\":1,\"name\":\"Hem\",\"item\":\"https:\\\/\\\/www.ninetech.com\\\/no\\\/\"},{\"@type\":\"ListItem\",\"position\":2,\"name\":\"Kontakt\"}]},{\"@type\":\"WebSite\",\"@id\":\"https:\\\/\\\/www.ninetech.com\\\/no\\\/#website\",\"url\":\"https:\\\/\\\/www.ninetech.com\\\/no\\\/\",\"name\":\"Ninetech - no\",\"description\":\"Experter p\u00e5 digital utveckling\",\"potentialAction\":[{\"@type\":\"SearchAction\",\"target\":{\"@type\":\"EntryPoint\",\"urlTemplate\":\"https:\\\/\\\/www.ninetech.com\\\/no\\\/?s={search_term_string}\"},\"query-input\":{\"@type\":\"PropertyValueSpecification\",\"valueRequired\":true,\"valueName\":\"search_term_string\"}}],\"inLanguage\":\"nb-NO\"}]}<\/script>\n<!-- \/ Yoast SEO plugin. -->","yoast_head_json":{"title":"Kontakt - Ninetech - no","robots":{"index":"index","follow":"follow","max-snippet":"max-snippet:-1","max-image-preview":"max-image-preview:large","max-video-preview":"max-video-preview:-1"},"canonical":"https:\/\/www.ninetech.com\/no\/kontakt-2\/","og_locale":"nb_NO","og_type":"article","og_title":"Kontakt - Ninetech - no","og_description":"Bj\u00f6rn er salgsdirekt\u00f8r i Ninetech og har stor lidenskap for kunden\u00e6r og vekstdrivende digitalisering. Ort: Karlstad \/Stockholm \/OsloTelefon: +46 (0)72 215 01 85bjorn.johannessen@ninetech.comSkapa kontakt p\u00e5 LinkedIn Kontakt Service Desk Nedenfor finner du kontaktinformasjon til kontorene v\u00e5re og noen av oss i Ninetech. Har du generelle sp\u00f8rsm\u00e5l eller er usikker p\u00e5 hvem du b\u00f8r ta kontakt [&hellip;]","og_url":"https:\/\/www.ninetech.com\/no\/kontakt-2\/","og_site_name":"Ninetech - no","article_modified_time":"2026-02-09T15:09:08+00:00","og_image":[{"url":"https:\/\/www.ninetech.com\/wp-content\/uploads\/2022\/09\/bjorn-johannessen.jpg","type":"","width":"","height":""}],"twitter_card":"summary_large_image","twitter_misc":{"Ansl. lesetid":"1 minutt"},"schema":{"@context":"https:\/\/schema.org","@graph":[{"@type":"WebPage","@id":"https:\/\/www.ninetech.com\/no\/kontakt-2\/","url":"https:\/\/www.ninetech.com\/no\/kontakt-2\/","name":"Kontakt - Ninetech - no","isPartOf":{"@id":"https:\/\/www.ninetech.com\/no\/#website"},"primaryImageOfPage":{"@id":"https:\/\/www.ninetech.com\/no\/kontakt-2\/#primaryimage"},"image":{"@id":"https:\/\/www.ninetech.com\/no\/kontakt-2\/#primaryimage"},"thumbnailUrl":"https:\/\/www.ninetech.com\/wp-content\/uploads\/2022\/09\/bjorn-johannessen.jpg","datePublished":"2026-01-20T13:59:05+00:00","dateModified":"2026-02-09T15:09:08+00:00","breadcrumb":{"@id":"https:\/\/www.ninetech.com\/no\/kontakt-2\/#breadcrumb"},"inLanguage":"nb-NO","potentialAction":[{"@type":"ReadAction","target":["https:\/\/www.ninetech.com\/no\/kontakt-2\/"]}]},{"@type":"ImageObject","inLanguage":"nb-NO","@id":"https:\/\/www.ninetech.com\/no\/kontakt-2\/#primaryimage","url":"https:\/\/www.ninetech.com\/wp-content\/uploads\/2022\/09\/bjorn-johannessen.jpg","contentUrl":"https:\/\/www.ninetech.com\/wp-content\/uploads\/2022\/09\/bjorn-johannessen.jpg"},{"@type":"BreadcrumbList","@id":"https:\/\/www.ninetech.com\/no\/kontakt-2\/#breadcrumb","itemListElement":[{"@type":"ListItem","position":1,"name":"Hem","item":"https:\/\/www.ninetech.com\/no\/"},{"@type":"ListItem","position":2,"name":"Kontakt"}]},{"@type":"WebSite","@id":"https:\/\/www.ninetech.com\/no\/#website","url":"https:\/\/www.ninetech.com\/no\/","name":"Ninetech - no","description":"Experter p\u00e5 digital utveckling","potentialAction":[{"@type":"SearchAction","target":{"@type":"EntryPoint","urlTemplate":"https:\/\/www.ninetech.com\/no\/?s={search_term_string}"},"query-input":{"@type":"PropertyValueSpecification","valueRequired":true,"valueName":"search_term_string"}}],"inLanguage":"nb-NO"}]}},"_links":{"self":[{"href":"https:\/\/www.ninetech.com\/no\/wp-json\/wp\/v2\/pages\/13604","targetHints":{"allow":["GET"]}}],"collection":[{"href":"https:\/\/www.ninetech.com\/no\/wp-json\/wp\/v2\/pages"}],"about":[{"href":"https:\/\/www.ninetech.com\/no\/wp-json\/wp\/v2\/types\/page"}],"author":[{"embeddable":true,"href":"https:\/\/www.ninetech.com\/no\/wp-json\/wp\/v2\/users\/5"}],"replies":[{"embeddable":true,"href":"https:\/\/www.ninetech.com\/no\/wp-json\/wp\/v2\/comments?post=13604"}],"version-history":[{"count":5,"href":"https:\/\/www.ninetech.com\/no\/wp-json\/wp\/v2\/pages\/13604\/revisions"}],"predecessor-version":[{"id":13686,"href":"https:\/\/www.ninetech.com\/no\/wp-json\/wp\/v2\/pages\/13604\/revisions\/13686"}],"wp:attachment":[{"href":"https:\/\/www.ninetech.com\/no\/wp-json\/wp\/v2\/media?parent=13604"}],"curies":[{"name":"wp","href":"https:\/\/api.w.org\/{rel}","templated":true}]}}