{"id":2243,"date":"2018-06-25T12:00:17","date_gmt":"2018-06-25T12:00:17","guid":{"rendered":"https:\/\/no.stage.ninetech.com\/?page_id=2243"},"modified":"2024-01-15T15:52:44","modified_gmt":"2024-01-15T15:52:44","slug":"kundnojdhet","status":"publish","type":"page","link":"https:\/\/www.ninetech.com\/no\/om-ninetech\/kundnojdhet\/","title":{"rendered":"Kundn\u00f6jdhet"},"content":{"rendered":"<\/div><section class=\"page_section page_section--billboard-hero align-wrap align-wrap-full\">\n\n<div class=\"dbyh-billboard-hero alignfull size-hero\">\n\t<!-- (min-width: 1600px) 768px, (min-width: 1200px) 690px, (min-width: 992px) 512px, (min-width: 544px) 690px, calc(100vw - 30px) -->\n\n\t<img decoding=\"async\" loading=\"eager\" class=\"resp-image has-animation\" src=\"https:\/\/www.ninetech.com\/no\/wp-content\/uploads\/sites\/3\/2018\/08\/motification-ninetech-starkt-samarbete-1600x900.jpg\" srcset=\"https:\/\/www.ninetech.com\/no\/wp-content\/uploads\/sites\/3\/2018\/08\/motification-ninetech-starkt-samarbete-1600x900.jpg 1600w, https:\/\/www.ninetech.com\/no\/wp-content\/uploads\/sites\/3\/2018\/08\/motification-ninetech-starkt-samarbete-1440x810.jpg 1440w, https:\/\/www.ninetech.com\/no\/wp-content\/uploads\/sites\/3\/2018\/08\/motification-ninetech-starkt-samarbete-1280x720.jpg 1280w, https:\/\/www.ninetech.com\/no\/wp-content\/uploads\/sites\/3\/2018\/08\/motification-ninetech-starkt-samarbete-1024x576.jpg 1024w, https:\/\/www.ninetech.com\/no\/wp-content\/uploads\/sites\/3\/2018\/08\/motification-ninetech-starkt-samarbete-768x432.jpg 768w, https:\/\/www.ninetech.com\/no\/wp-content\/uploads\/sites\/3\/2018\/08\/motification-ninetech-starkt-samarbete-375x211.jpg 375w\" sizes=\"100vw\" alt=\"\" \/>\t<div class=\"dbyh-billboard-hero__content\">\n\t\t<div class=\"dbyh-billboard-hero__content__inner has-small-text has-dark-text has-light-background\">\n\t\t\t<h1>Starka relationer. N\u00f6jda kunder.<\/h1>\n\t\t\t\t\t<\/div>\n\n\t<\/div>\n\t<\/div><\/section><div class=\"wrapper\">\n\n<\/div><section class=\"page_section page_section--group align-wrap align-wrap-full\">\n<div class=\"wp-block-group alignfull has-westar-greige-30-background-color has-background\"><div class=\"wp-block-group__inner-container is-layout-flow wp-block-group-is-layout-flow\">\n<div class=\"wp-block-group\"><div class=\"wp-block-group__inner-container is-layout-flow wp-block-group-is-layout-flow\"><nav aria-label=\"Br\u00f6dsmula\" class=\"breadcrumbs\"><ul><li class=\"is-here\"><\/li><li class=\"is-home\"><a href=\"https:\/\/www.ninetech.com\/no\"><span class=\"show-for-sr\">Startsida<\/span>Hem<\/a> <span class=\"delimiter\">\/<\/span> <\/li><li>Side<\/li><\/ul><\/nav>\n\n\n<div class=\"wp-block-group narrow\"><div class=\"wp-block-group__inner-container is-layout-flow wp-block-group-is-layout-flow\">\n<div class=\"dbyh-preamble dbyh-preamble--small\">\n\t<span>Personal som trivs och n\u00f6jda kunder. Det \u00e4r v\u00e5ra viktigaste framg\u00e5ngsfaktorer. Vi m\u00e4ter kundn\u00f6jdheten regelbundet via Netigate och v\u00e5r senaste kundunders\u00f6kning, h\u00f6sten 2023, resulterade i en NPS p\u00e5 46.<\/span>\n<\/div>\n\n\n<div class=\"dbyh-space set-invisible\" style=\"height: 140px; --tablet-height: 100px; --mobile-height: 100px;\">\n    <\/div><\/div><\/div>\n<\/div><\/div>\n<\/div><\/div>\n<\/section><div class=\"wrapper\">\n\n\n<div class=\"dbyh-space set-invisible\" style=\"height: 100px; --tablet-height: 60px; --mobile-height: 40px;\">\n    <\/div>\n\n<\/div><section class=\"page_section page_section--group align-wrap align-wrap-full\">\n<div class=\"wp-block-group alignfull\"><div class=\"wp-block-group__inner-container is-layout-flow wp-block-group-is-layout-flow\">\n<div class=\"wp-block-group narrow\"><div class=\"wp-block-group__inner-container is-layout-flow wp-block-group-is-layout-flow\">\n<div class=\"wp-block-group extra-narrow\"><div class=\"wp-block-group__inner-container is-layout-flow wp-block-group-is-layout-flow\">\n<h2 class=\"p3\"><b>V\u00e5rt arbete med kundn\u00f6jdhet<\/b><\/h2>\n<p class=\"p2\">Vi l\u00e4gger stort vikt vid att skapa en god och n\u00e4ra relation med v\u00e5ra kunder d\u00e4r vi arbetar tillsammans och kompletterar varandras expertis och erfarenhet. Det \u00e4r s\u00e5 framg\u00e5ngsrika partnerskap ser ut.<\/p>\n<p class=\"p2\">Naturligtvis m\u00e5ste vi alltid leverera med kvalitet, i tid och mot budget. Och sj\u00e4lvklart har v\u00e5ra kunder h\u00f6gt st\u00e4llda krav p\u00e5 oss b\u00e5de vad g\u00e4ller innovationskraft och f\u00f6rm\u00e5ga att leverera aff\u00e4rsnytta. Men vi tror att en lika viktig anledning till att v\u00e5ra kunder v\u00e4ljer att stanna hos oss \u2013 och dessutom ger oss s\u00e5 h\u00f6ga betyg \u2013 \u00e4r att vi p\u00e5 riktigt v\u00e4rdes\u00e4tter relationen. Att ha kul tillsammans, att vara konstruktiva i hur vi hanterar utmaningar l\u00e4ngs v\u00e4gen och att i alla l\u00e4gen str\u00e4va mot en gemensam m\u00e5lbild.<\/p>\n<h2 class=\"p3\"><b>R\u00e4tt leverant\u00f6r. Och r\u00e4tt kund.<\/b><\/h2>\n<p class=\"p2\">Precis som vi utv\u00e4rderas och j\u00e4mf\u00f6rs n\u00e4r nya potentiella kunder s\u00f6ker ny leverant\u00f6r s\u00e5 g\u00f6r vi p\u00e5 motsvarande s\u00e4tt.\u00a0Vi g\u00e5r aldrig in i en aff\u00e4rsrelation om vi inte tror att det finns r\u00e4tt f\u00f6ruts\u00e4ttningar till ett bra samarbete. Det \u00e4r inte ni som v\u00e4ljer oss eller vice versa. Vi v\u00e4ljer varandra.<\/p>\n<p class=\"p2\">Ett f\u00f6rsta m\u00f6te med Ninetech kommer d\u00e4rf\u00f6r inte bli en klassiskt s\u00e4ljpitch fr\u00e5n v\u00e5r sida. Vi kommer ha minst lika m\u00e5nga fr\u00e5gor att st\u00e4lla till er. Bra samarbeten inleds alltid med ett \u00e4rligt och konstruktivt samtal.<\/p>\n<\/div><\/div>\n<\/div><\/div>\n<\/div><\/div>\n<\/section><div class=\"wrapper\">\n\n\n<div class=\"dbyh-space set-invisible\" style=\"height: 120px; --tablet-height: 60px; --mobile-height: 30px;\">\n    <\/div>","protected":false},"excerpt":{"rendered":"<p>V\u00e5rt arbete med kundn\u00f6jdhet Vi l\u00e4gger stort vikt vid att skapa en god och n\u00e4ra relation med v\u00e5ra kunder d\u00e4r vi arbetar tillsammans och kompletterar varandras expertis och erfarenhet. Det \u00e4r s\u00e5 framg\u00e5ngsrika partnerskap ser ut. Naturligtvis m\u00e5ste vi alltid leverera med kvalitet, i tid och mot budget. Och sj\u00e4lvklart har v\u00e5ra kunder h\u00f6gt st\u00e4llda [&hellip;]<\/p>\n","protected":false},"author":5,"featured_media":1362,"parent":195,"menu_order":0,"comment_status":"closed","ping_status":"closed","template":"","meta":{"_acf_changed":false,"content-type":"","footnotes":""},"class_list":["post-2243","page","type-page","status-publish","has-post-thumbnail","hentry"],"acf":[],"yoast_head":"<!-- This site is optimized with the Yoast SEO plugin v27.3 - https:\/\/yoast.com\/product\/yoast-seo-wordpress\/ -->\n<title>Kundn\u00f6jdhet - Ninetech - no<\/title>\n<meta name=\"description\" content=\"V\u00e5rt arbete med kundn\u00f6jdhet Vi l\u00e4gger stort vikt vid att skapa en god och n\u00e4ra relation med v\u00e5ra kunder d\u00e4r vi arbetar tillsammans och kompletterar Ninetech har n\u00f6jda kunder. I senaste kundm\u00e4tningen rekommenderar 100 % av v\u00e5ra kunder oss. Det \u00e4r vi stolta \u00f6ver.\" \/>\n<meta name=\"robots\" content=\"index, follow, max-snippet:-1, max-image-preview:large, max-video-preview:-1\" \/>\n<link rel=\"canonical\" href=\"https:\/\/www.ninetech.com\/no\/om-ninetech\/kundnojdhet\/\" \/>\n<meta property=\"og:locale\" content=\"nb_NO\" \/>\n<meta property=\"og:type\" content=\"article\" \/>\n<meta property=\"og:title\" content=\"Kundn\u00f6jdhet - Ninetech - no\" \/>\n<meta property=\"og:description\" content=\"V\u00e5rt arbete med kundn\u00f6jdhet Vi l\u00e4gger stort vikt vid att skapa en god och n\u00e4ra relation med v\u00e5ra kunder d\u00e4r vi arbetar tillsammans och kompletterar Ninetech har n\u00f6jda kunder. I senaste kundm\u00e4tningen rekommenderar 100 % av v\u00e5ra kunder oss. Det \u00e4r vi stolta \u00f6ver.\" \/>\n<meta property=\"og:url\" content=\"https:\/\/www.ninetech.com\/no\/om-ninetech\/kundnojdhet\/\" \/>\n<meta property=\"og:site_name\" content=\"Ninetech - no\" \/>\n<meta property=\"article:modified_time\" content=\"2024-01-15T15:52:44+00:00\" \/>\n<meta property=\"og:image\" content=\"https:\/\/www.ninetech.com\/no\/wp-content\/uploads\/sites\/3\/2018\/06\/coworking-e1529928336326.jpeg\" \/>\n\t<meta property=\"og:image:width\" content=\"2090\" \/>\n\t<meta property=\"og:image:height\" content=\"950\" \/>\n\t<meta property=\"og:image:type\" content=\"image\/jpeg\" \/>\n<meta name=\"twitter:card\" content=\"summary_large_image\" \/>\n<meta name=\"twitter:label1\" content=\"Ansl. lesetid\" \/>\n\t<meta name=\"twitter:data1\" content=\"2 minutter\" \/>\n<script type=\"application\/ld+json\" class=\"yoast-schema-graph\">{\"@context\":\"https:\\\/\\\/schema.org\",\"@graph\":[{\"@type\":\"WebPage\",\"@id\":\"https:\\\/\\\/www.ninetech.com\\\/no\\\/om-ninetech\\\/kundnojdhet\\\/\",\"url\":\"https:\\\/\\\/www.ninetech.com\\\/no\\\/om-ninetech\\\/kundnojdhet\\\/\",\"name\":\"Kundn\u00f6jdhet - Ninetech - no\",\"isPartOf\":{\"@id\":\"https:\\\/\\\/www.ninetech.com\\\/no\\\/#website\"},\"primaryImageOfPage\":{\"@id\":\"https:\\\/\\\/www.ninetech.com\\\/no\\\/om-ninetech\\\/kundnojdhet\\\/#primaryimage\"},\"image\":{\"@id\":\"https:\\\/\\\/www.ninetech.com\\\/no\\\/om-ninetech\\\/kundnojdhet\\\/#primaryimage\"},\"thumbnailUrl\":\"https:\\\/\\\/www.ninetech.com\\\/no\\\/wp-content\\\/uploads\\\/sites\\\/3\\\/2018\\\/06\\\/coworking-e1529928336326.jpeg\",\"datePublished\":\"2018-06-25T12:00:17+00:00\",\"dateModified\":\"2024-01-15T15:52:44+00:00\",\"description\":\"V\u00e5rt arbete med kundn\u00f6jdhet Vi l\u00e4gger stort vikt vid att skapa en god och n\u00e4ra relation med v\u00e5ra kunder d\u00e4r vi arbetar tillsammans och kompletterar Ninetech har n\u00f6jda kunder. I senaste kundm\u00e4tningen rekommenderar 100 % av v\u00e5ra kunder oss. Det \u00e4r vi stolta \u00f6ver.\",\"breadcrumb\":{\"@id\":\"https:\\\/\\\/www.ninetech.com\\\/no\\\/om-ninetech\\\/kundnojdhet\\\/#breadcrumb\"},\"inLanguage\":\"nb-NO\",\"potentialAction\":[{\"@type\":\"ReadAction\",\"target\":[\"https:\\\/\\\/www.ninetech.com\\\/no\\\/om-ninetech\\\/kundnojdhet\\\/\"]}]},{\"@type\":\"ImageObject\",\"inLanguage\":\"nb-NO\",\"@id\":\"https:\\\/\\\/www.ninetech.com\\\/no\\\/om-ninetech\\\/kundnojdhet\\\/#primaryimage\",\"url\":\"https:\\\/\\\/www.ninetech.com\\\/no\\\/wp-content\\\/uploads\\\/sites\\\/3\\\/2018\\\/06\\\/coworking-e1529928336326.jpeg\",\"contentUrl\":\"https:\\\/\\\/www.ninetech.com\\\/no\\\/wp-content\\\/uploads\\\/sites\\\/3\\\/2018\\\/06\\\/coworking-e1529928336326.jpeg\",\"width\":2090,\"height\":950},{\"@type\":\"BreadcrumbList\",\"@id\":\"https:\\\/\\\/www.ninetech.com\\\/no\\\/om-ninetech\\\/kundnojdhet\\\/#breadcrumb\",\"itemListElement\":[{\"@type\":\"ListItem\",\"position\":1,\"name\":\"Hem\",\"item\":\"https:\\\/\\\/www.ninetech.com\\\/no\\\/\"},{\"@type\":\"ListItem\",\"position\":2,\"name\":\"Om Ninetech\",\"item\":\"https:\\\/\\\/www.ninetech.com\\\/no\\\/om-ninetech\\\/\"},{\"@type\":\"ListItem\",\"position\":3,\"name\":\"Kundn\u00f6jdhet\"}]},{\"@type\":\"WebSite\",\"@id\":\"https:\\\/\\\/www.ninetech.com\\\/no\\\/#website\",\"url\":\"https:\\\/\\\/www.ninetech.com\\\/no\\\/\",\"name\":\"Ninetech - no\",\"description\":\"Experter p\u00e5 digital utveckling\",\"potentialAction\":[{\"@type\":\"SearchAction\",\"target\":{\"@type\":\"EntryPoint\",\"urlTemplate\":\"https:\\\/\\\/www.ninetech.com\\\/no\\\/?s={search_term_string}\"},\"query-input\":{\"@type\":\"PropertyValueSpecification\",\"valueRequired\":true,\"valueName\":\"search_term_string\"}}],\"inLanguage\":\"nb-NO\"}]}<\/script>\n<!-- \/ Yoast SEO plugin. -->","yoast_head_json":{"title":"Kundn\u00f6jdhet - Ninetech - no","description":"V\u00e5rt arbete med kundn\u00f6jdhet Vi l\u00e4gger stort vikt vid att skapa en god och n\u00e4ra relation med v\u00e5ra kunder d\u00e4r vi arbetar tillsammans och kompletterar Ninetech har n\u00f6jda kunder. I senaste kundm\u00e4tningen rekommenderar 100 % av v\u00e5ra kunder oss. Det \u00e4r vi stolta \u00f6ver.","robots":{"index":"index","follow":"follow","max-snippet":"max-snippet:-1","max-image-preview":"max-image-preview:large","max-video-preview":"max-video-preview:-1"},"canonical":"https:\/\/www.ninetech.com\/no\/om-ninetech\/kundnojdhet\/","og_locale":"nb_NO","og_type":"article","og_title":"Kundn\u00f6jdhet - Ninetech - no","og_description":"V\u00e5rt arbete med kundn\u00f6jdhet Vi l\u00e4gger stort vikt vid att skapa en god och n\u00e4ra relation med v\u00e5ra kunder d\u00e4r vi arbetar tillsammans och kompletterar Ninetech har n\u00f6jda kunder. I senaste kundm\u00e4tningen rekommenderar 100 % av v\u00e5ra kunder oss. Det \u00e4r vi stolta \u00f6ver.","og_url":"https:\/\/www.ninetech.com\/no\/om-ninetech\/kundnojdhet\/","og_site_name":"Ninetech - no","article_modified_time":"2024-01-15T15:52:44+00:00","og_image":[{"width":2090,"height":950,"url":"https:\/\/www.ninetech.com\/no\/wp-content\/uploads\/sites\/3\/2018\/06\/coworking-e1529928336326.jpeg","type":"image\/jpeg"}],"twitter_card":"summary_large_image","twitter_misc":{"Ansl. lesetid":"2 minutter"},"schema":{"@context":"https:\/\/schema.org","@graph":[{"@type":"WebPage","@id":"https:\/\/www.ninetech.com\/no\/om-ninetech\/kundnojdhet\/","url":"https:\/\/www.ninetech.com\/no\/om-ninetech\/kundnojdhet\/","name":"Kundn\u00f6jdhet - Ninetech - no","isPartOf":{"@id":"https:\/\/www.ninetech.com\/no\/#website"},"primaryImageOfPage":{"@id":"https:\/\/www.ninetech.com\/no\/om-ninetech\/kundnojdhet\/#primaryimage"},"image":{"@id":"https:\/\/www.ninetech.com\/no\/om-ninetech\/kundnojdhet\/#primaryimage"},"thumbnailUrl":"https:\/\/www.ninetech.com\/no\/wp-content\/uploads\/sites\/3\/2018\/06\/coworking-e1529928336326.jpeg","datePublished":"2018-06-25T12:00:17+00:00","dateModified":"2024-01-15T15:52:44+00:00","description":"V\u00e5rt arbete med kundn\u00f6jdhet Vi l\u00e4gger stort vikt vid att skapa en god och n\u00e4ra relation med v\u00e5ra kunder d\u00e4r vi arbetar tillsammans och kompletterar Ninetech har n\u00f6jda kunder. I senaste kundm\u00e4tningen rekommenderar 100 % av v\u00e5ra kunder oss. Det \u00e4r vi stolta \u00f6ver.","breadcrumb":{"@id":"https:\/\/www.ninetech.com\/no\/om-ninetech\/kundnojdhet\/#breadcrumb"},"inLanguage":"nb-NO","potentialAction":[{"@type":"ReadAction","target":["https:\/\/www.ninetech.com\/no\/om-ninetech\/kundnojdhet\/"]}]},{"@type":"ImageObject","inLanguage":"nb-NO","@id":"https:\/\/www.ninetech.com\/no\/om-ninetech\/kundnojdhet\/#primaryimage","url":"https:\/\/www.ninetech.com\/no\/wp-content\/uploads\/sites\/3\/2018\/06\/coworking-e1529928336326.jpeg","contentUrl":"https:\/\/www.ninetech.com\/no\/wp-content\/uploads\/sites\/3\/2018\/06\/coworking-e1529928336326.jpeg","width":2090,"height":950},{"@type":"BreadcrumbList","@id":"https:\/\/www.ninetech.com\/no\/om-ninetech\/kundnojdhet\/#breadcrumb","itemListElement":[{"@type":"ListItem","position":1,"name":"Hem","item":"https:\/\/www.ninetech.com\/no\/"},{"@type":"ListItem","position":2,"name":"Om Ninetech","item":"https:\/\/www.ninetech.com\/no\/om-ninetech\/"},{"@type":"ListItem","position":3,"name":"Kundn\u00f6jdhet"}]},{"@type":"WebSite","@id":"https:\/\/www.ninetech.com\/no\/#website","url":"https:\/\/www.ninetech.com\/no\/","name":"Ninetech - no","description":"Experter p\u00e5 digital utveckling","potentialAction":[{"@type":"SearchAction","target":{"@type":"EntryPoint","urlTemplate":"https:\/\/www.ninetech.com\/no\/?s={search_term_string}"},"query-input":{"@type":"PropertyValueSpecification","valueRequired":true,"valueName":"search_term_string"}}],"inLanguage":"nb-NO"}]}},"_links":{"self":[{"href":"https:\/\/www.ninetech.com\/no\/wp-json\/wp\/v2\/pages\/2243","targetHints":{"allow":["GET"]}}],"collection":[{"href":"https:\/\/www.ninetech.com\/no\/wp-json\/wp\/v2\/pages"}],"about":[{"href":"https:\/\/www.ninetech.com\/no\/wp-json\/wp\/v2\/types\/page"}],"author":[{"embeddable":true,"href":"https:\/\/www.ninetech.com\/no\/wp-json\/wp\/v2\/users\/5"}],"replies":[{"embeddable":true,"href":"https:\/\/www.ninetech.com\/no\/wp-json\/wp\/v2\/comments?post=2243"}],"version-history":[{"count":26,"href":"https:\/\/www.ninetech.com\/no\/wp-json\/wp\/v2\/pages\/2243\/revisions"}],"predecessor-version":[{"id":11720,"href":"https:\/\/www.ninetech.com\/no\/wp-json\/wp\/v2\/pages\/2243\/revisions\/11720"}],"up":[{"embeddable":true,"href":"https:\/\/www.ninetech.com\/no\/wp-json\/wp\/v2\/pages\/195"}],"wp:featuredmedia":[{"embeddable":true,"href":"https:\/\/www.ninetech.com\/no\/wp-json\/wp\/v2\/media\/1362"}],"wp:attachment":[{"href":"https:\/\/www.ninetech.com\/no\/wp-json\/wp\/v2\/media?parent=2243"}],"curies":[{"name":"wp","href":"https:\/\/api.w.org\/{rel}","templated":true}]}}