{"id":252,"date":"2018-05-29T14:22:56","date_gmt":"2018-05-29T14:22:56","guid":{"rendered":"http:\/\/no.stage.ninetech.com\/?page_id=252"},"modified":"2026-01-30T12:27:32","modified_gmt":"2026-01-30T12:27:32","slug":"cookies","status":"publish","type":"page","link":"https:\/\/www.ninetech.com\/no\/om-ninetech\/cookies\/","title":{"rendered":"Cookies"},"content":{"rendered":"<\/div><section class=\"page_section page_section--billboard-hero align-wrap align-wrap-full\">\n\n<div class=\"dbyh-billboard-hero alignfull size-hero\">\n\t<!-- (min-width: 1600px) 768px, (min-width: 1200px) 690px, (min-width: 992px) 512px, (min-width: 544px) 690px, calc(100vw - 30px) -->\n\n\t<img decoding=\"async\" loading=\"eager\" class=\"resp-image \" src=\"https:\/\/www.ninetech.com\/no\/wp-content\/uploads\/sites\/3\/2022\/01\/ninetech-cookies-1600x900.jpg\" srcset=\"https:\/\/www.ninetech.com\/no\/wp-content\/uploads\/sites\/3\/2022\/01\/ninetech-cookies-1600x900.jpg 1600w, https:\/\/www.ninetech.com\/no\/wp-content\/uploads\/sites\/3\/2022\/01\/ninetech-cookies-1920x1080.jpg 1920w, https:\/\/www.ninetech.com\/no\/wp-content\/uploads\/sites\/3\/2022\/01\/ninetech-cookies-1440x810.jpg 1440w, https:\/\/www.ninetech.com\/no\/wp-content\/uploads\/sites\/3\/2022\/01\/ninetech-cookies-1280x720.jpg 1280w, https:\/\/www.ninetech.com\/no\/wp-content\/uploads\/sites\/3\/2022\/01\/ninetech-cookies-1024x576.jpg 1024w, https:\/\/www.ninetech.com\/no\/wp-content\/uploads\/sites\/3\/2022\/01\/ninetech-cookies-768x432.jpg 768w, https:\/\/www.ninetech.com\/no\/wp-content\/uploads\/sites\/3\/2022\/01\/ninetech-cookies-375x211.jpg 375w\" sizes=\"100vw\" alt=\"\" \/>\t<div class=\"dbyh-billboard-hero__content\">\n\t\t<div class=\"dbyh-billboard-hero__content__inner has-small-text has-light-text has-dark-background\">\n\t\t\t<h1>Informasjonskapsler p\u00e5 ninetech.com<\/h1>\n\t\t\t\t\t<\/div>\n\n\t<\/div>\n\t<\/div><\/section><div class=\"wrapper\">\n\n<\/div><section class=\"page_section page_section--group align-wrap align-wrap-full\">\n<div class=\"wp-block-group alignfull has-milkly-white-background-color has-background\"><div class=\"wp-block-group__inner-container is-layout-flow wp-block-group-is-layout-flow\">\n<div class=\"wp-block-group\"><div class=\"wp-block-group__inner-container is-layout-flow wp-block-group-is-layout-flow\"><nav aria-label=\"Br\u00f6dsmula\" class=\"breadcrumbs\"><ul><li class=\"is-here\"><\/li><li class=\"is-home\"><a href=\"https:\/\/www.ninetech.com\/no\"><span class=\"show-for-sr\">Startsida<\/span>Hem<\/a> <span class=\"delimiter\">\/<\/span> <\/li><li>Side<\/li><\/ul><\/nav><\/div><\/div>\n<\/div><\/div>\n<\/section><div class=\"wrapper\">\n\n\n<div class=\"wp-block-group extra-narrow\"><div class=\"wp-block-group__inner-container is-layout-flow wp-block-group-is-layout-flow\">\n<script id=\"CookieDeclaration\" src=\"https:\/\/consent.cookiebot.com\/80f7d14b-6acb-4294-84a6-d60064043639\/cd.js\" type=\"text\/javascript\" async><\/script>\n<\/div><\/div>\n","protected":false},"excerpt":{"rendered":"","protected":false},"author":5,"featured_media":0,"parent":195,"menu_order":60,"comment_status":"closed","ping_status":"closed","template":"","meta":{"_acf_changed":false,"content-type":"","footnotes":""},"class_list":["post-252","page","type-page","status-publish","hentry"],"acf":[],"yoast_head":"<!-- This site is optimized with the Yoast SEO plugin v27.3 - https:\/\/yoast.com\/product\/yoast-seo-wordpress\/ -->\n<title>Cookies - Ninetech - no<\/title>\n<meta name=\"description\" content=\"Vi anv\u00e4nder olika typer av cookies f\u00f6r b\u00e4sta m\u00f6jliga upplevelse p\u00e5 den h\u00e4r webbplatsen. H\u00e4r kan du l\u00e4sa mer om hur vi behandlar dina personuppgifter.\" \/>\n<meta name=\"robots\" content=\"index, follow, max-snippet:-1, max-image-preview:large, max-video-preview:-1\" \/>\n<link rel=\"canonical\" href=\"https:\/\/www.ninetech.com\/no\/om-ninetech\/cookies\/\" \/>\n<meta property=\"og:locale\" content=\"nb_NO\" \/>\n<meta property=\"og:type\" content=\"article\" \/>\n<meta property=\"og:title\" content=\"Cookies - Ninetech - no\" \/>\n<meta property=\"og:description\" content=\"Vi anv\u00e4nder olika typer av cookies f\u00f6r b\u00e4sta m\u00f6jliga upplevelse p\u00e5 den h\u00e4r webbplatsen. H\u00e4r kan du l\u00e4sa mer om hur vi behandlar dina personuppgifter.\" \/>\n<meta property=\"og:url\" content=\"https:\/\/www.ninetech.com\/no\/om-ninetech\/cookies\/\" \/>\n<meta property=\"og:site_name\" content=\"Ninetech - no\" \/>\n<meta property=\"article:modified_time\" content=\"2026-01-30T12:27:32+00:00\" \/>\n<meta name=\"twitter:card\" content=\"summary_large_image\" \/>\n<script type=\"application\/ld+json\" class=\"yoast-schema-graph\">{\"@context\":\"https:\\\/\\\/schema.org\",\"@graph\":[{\"@type\":\"WebPage\",\"@id\":\"https:\\\/\\\/www.ninetech.com\\\/no\\\/om-ninetech\\\/cookies\\\/\",\"url\":\"https:\\\/\\\/www.ninetech.com\\\/no\\\/om-ninetech\\\/cookies\\\/\",\"name\":\"Cookies - Ninetech - no\",\"isPartOf\":{\"@id\":\"https:\\\/\\\/www.ninetech.com\\\/no\\\/#website\"},\"datePublished\":\"2018-05-29T14:22:56+00:00\",\"dateModified\":\"2026-01-30T12:27:32+00:00\",\"description\":\"Vi anv\u00e4nder olika typer av cookies f\u00f6r b\u00e4sta m\u00f6jliga upplevelse p\u00e5 den h\u00e4r webbplatsen. H\u00e4r kan du l\u00e4sa mer om hur vi behandlar dina personuppgifter.\",\"breadcrumb\":{\"@id\":\"https:\\\/\\\/www.ninetech.com\\\/no\\\/om-ninetech\\\/cookies\\\/#breadcrumb\"},\"inLanguage\":\"nb-NO\",\"potentialAction\":[{\"@type\":\"ReadAction\",\"target\":[\"https:\\\/\\\/www.ninetech.com\\\/no\\\/om-ninetech\\\/cookies\\\/\"]}]},{\"@type\":\"BreadcrumbList\",\"@id\":\"https:\\\/\\\/www.ninetech.com\\\/no\\\/om-ninetech\\\/cookies\\\/#breadcrumb\",\"itemListElement\":[{\"@type\":\"ListItem\",\"position\":1,\"name\":\"Hem\",\"item\":\"https:\\\/\\\/www.ninetech.com\\\/no\\\/\"},{\"@type\":\"ListItem\",\"position\":2,\"name\":\"Om Ninetech\",\"item\":\"https:\\\/\\\/www.ninetech.com\\\/no\\\/om-ninetech\\\/\"},{\"@type\":\"ListItem\",\"position\":3,\"name\":\"Cookies\"}]},{\"@type\":\"WebSite\",\"@id\":\"https:\\\/\\\/www.ninetech.com\\\/no\\\/#website\",\"url\":\"https:\\\/\\\/www.ninetech.com\\\/no\\\/\",\"name\":\"Ninetech - no\",\"description\":\"Experter p\u00e5 digital utveckling\",\"potentialAction\":[{\"@type\":\"SearchAction\",\"target\":{\"@type\":\"EntryPoint\",\"urlTemplate\":\"https:\\\/\\\/www.ninetech.com\\\/no\\\/?s={search_term_string}\"},\"query-input\":{\"@type\":\"PropertyValueSpecification\",\"valueRequired\":true,\"valueName\":\"search_term_string\"}}],\"inLanguage\":\"nb-NO\"}]}<\/script>\n<!-- \/ Yoast SEO plugin. -->","yoast_head_json":{"title":"Cookies - Ninetech - no","description":"Vi anv\u00e4nder olika typer av cookies f\u00f6r b\u00e4sta m\u00f6jliga upplevelse p\u00e5 den h\u00e4r webbplatsen. H\u00e4r kan du l\u00e4sa mer om hur vi behandlar dina personuppgifter.","robots":{"index":"index","follow":"follow","max-snippet":"max-snippet:-1","max-image-preview":"max-image-preview:large","max-video-preview":"max-video-preview:-1"},"canonical":"https:\/\/www.ninetech.com\/no\/om-ninetech\/cookies\/","og_locale":"nb_NO","og_type":"article","og_title":"Cookies - Ninetech - no","og_description":"Vi anv\u00e4nder olika typer av cookies f\u00f6r b\u00e4sta m\u00f6jliga upplevelse p\u00e5 den h\u00e4r webbplatsen. H\u00e4r kan du l\u00e4sa mer om hur vi behandlar dina personuppgifter.","og_url":"https:\/\/www.ninetech.com\/no\/om-ninetech\/cookies\/","og_site_name":"Ninetech - no","article_modified_time":"2026-01-30T12:27:32+00:00","twitter_card":"summary_large_image","schema":{"@context":"https:\/\/schema.org","@graph":[{"@type":"WebPage","@id":"https:\/\/www.ninetech.com\/no\/om-ninetech\/cookies\/","url":"https:\/\/www.ninetech.com\/no\/om-ninetech\/cookies\/","name":"Cookies - Ninetech - no","isPartOf":{"@id":"https:\/\/www.ninetech.com\/no\/#website"},"datePublished":"2018-05-29T14:22:56+00:00","dateModified":"2026-01-30T12:27:32+00:00","description":"Vi anv\u00e4nder olika typer av cookies f\u00f6r b\u00e4sta m\u00f6jliga upplevelse p\u00e5 den h\u00e4r webbplatsen. H\u00e4r kan du l\u00e4sa mer om hur vi behandlar dina personuppgifter.","breadcrumb":{"@id":"https:\/\/www.ninetech.com\/no\/om-ninetech\/cookies\/#breadcrumb"},"inLanguage":"nb-NO","potentialAction":[{"@type":"ReadAction","target":["https:\/\/www.ninetech.com\/no\/om-ninetech\/cookies\/"]}]},{"@type":"BreadcrumbList","@id":"https:\/\/www.ninetech.com\/no\/om-ninetech\/cookies\/#breadcrumb","itemListElement":[{"@type":"ListItem","position":1,"name":"Hem","item":"https:\/\/www.ninetech.com\/no\/"},{"@type":"ListItem","position":2,"name":"Om Ninetech","item":"https:\/\/www.ninetech.com\/no\/om-ninetech\/"},{"@type":"ListItem","position":3,"name":"Cookies"}]},{"@type":"WebSite","@id":"https:\/\/www.ninetech.com\/no\/#website","url":"https:\/\/www.ninetech.com\/no\/","name":"Ninetech - no","description":"Experter p\u00e5 digital utveckling","potentialAction":[{"@type":"SearchAction","target":{"@type":"EntryPoint","urlTemplate":"https:\/\/www.ninetech.com\/no\/?s={search_term_string}"},"query-input":{"@type":"PropertyValueSpecification","valueRequired":true,"valueName":"search_term_string"}}],"inLanguage":"nb-NO"}]}},"_links":{"self":[{"href":"https:\/\/www.ninetech.com\/no\/wp-json\/wp\/v2\/pages\/252","targetHints":{"allow":["GET"]}}],"collection":[{"href":"https:\/\/www.ninetech.com\/no\/wp-json\/wp\/v2\/pages"}],"about":[{"href":"https:\/\/www.ninetech.com\/no\/wp-json\/wp\/v2\/types\/page"}],"author":[{"embeddable":true,"href":"https:\/\/www.ninetech.com\/no\/wp-json\/wp\/v2\/users\/5"}],"replies":[{"embeddable":true,"href":"https:\/\/www.ninetech.com\/no\/wp-json\/wp\/v2\/comments?post=252"}],"version-history":[{"count":37,"href":"https:\/\/www.ninetech.com\/no\/wp-json\/wp\/v2\/pages\/252\/revisions"}],"predecessor-version":[{"id":13659,"href":"https:\/\/www.ninetech.com\/no\/wp-json\/wp\/v2\/pages\/252\/revisions\/13659"}],"up":[{"embeddable":true,"href":"https:\/\/www.ninetech.com\/no\/wp-json\/wp\/v2\/pages\/195"}],"wp:attachment":[{"href":"https:\/\/www.ninetech.com\/no\/wp-json\/wp\/v2\/media?parent=252"}],"curies":[{"name":"wp","href":"https:\/\/api.w.org\/{rel}","templated":true}]}}