{"id":4925,"date":"2020-12-02T08:19:43","date_gmt":"2020-12-02T08:19:43","guid":{"rendered":"https:\/\/no.stage.ninetech.com\/?page_id=4925"},"modified":"2025-03-24T08:32:28","modified_gmt":"2025-03-24T08:32:28","slug":"tjanstebaserad-arkitektur","status":"publish","type":"page","link":"https:\/\/www.ninetech.com\/no\/expertis\/tjanstebaserad-arkitektur\/","title":{"rendered":"Tj\u00e4nstebaserad arkitektur"},"content":{"rendered":"<\/div><section class=\"page_section page_section--billboard-hero align-wrap align-wrap-full\">\n\n<div class=\"dbyh-billboard-hero alignfull size-hero\">\n\t<!-- (min-width: 1600px) 768px, (min-width: 1200px) 690px, (min-width: 992px) 512px, (min-width: 544px) 690px, calc(100vw - 30px) -->\n\n\t<img decoding=\"async\" loading=\"eager\" class=\"resp-image has-animation\" src=\"https:\/\/www.ninetech.com\/no\/wp-content\/uploads\/sites\/3\/2020\/12\/micro-service-arkitektur-ninetech-1600x900.jpg\" srcset=\"https:\/\/www.ninetech.com\/no\/wp-content\/uploads\/sites\/3\/2020\/12\/micro-service-arkitektur-ninetech-1600x900.jpg 1600w, https:\/\/www.ninetech.com\/no\/wp-content\/uploads\/sites\/3\/2020\/12\/micro-service-arkitektur-ninetech-1920x1080.jpg 1920w, https:\/\/www.ninetech.com\/no\/wp-content\/uploads\/sites\/3\/2020\/12\/micro-service-arkitektur-ninetech-1440x810.jpg 1440w, https:\/\/www.ninetech.com\/no\/wp-content\/uploads\/sites\/3\/2020\/12\/micro-service-arkitektur-ninetech-1280x720.jpg 1280w, https:\/\/www.ninetech.com\/no\/wp-content\/uploads\/sites\/3\/2020\/12\/micro-service-arkitektur-ninetech-1024x576.jpg 1024w, https:\/\/www.ninetech.com\/no\/wp-content\/uploads\/sites\/3\/2020\/12\/micro-service-arkitektur-ninetech-768x432.jpg 768w, https:\/\/www.ninetech.com\/no\/wp-content\/uploads\/sites\/3\/2020\/12\/micro-service-arkitektur-ninetech-375x211.jpg 375w\" sizes=\"100vw\" alt=\"\" \/>\t<div class=\"dbyh-billboard-hero__content\">\n\t\t<div class=\"dbyh-billboard-hero__content__inner has-small-text has-dark-text has-light-background\">\n\t\t\t<h1>Bygg modul\u00e4rt och flexibelt<\/h1>\n\t\t\t\t\t<\/div>\n\n\t<\/div>\n\t<\/div><\/section><div class=\"wrapper\">\n\n<\/div><section class=\"page_section page_section--group align-wrap align-wrap-full\">\n<div class=\"wp-block-group alignfull has-westar-greige-30-background-color has-background\"><div class=\"wp-block-group__inner-container is-layout-flow wp-block-group-is-layout-flow\">\n<div class=\"wp-block-group\"><div class=\"wp-block-group__inner-container is-layout-flow wp-block-group-is-layout-flow\"><nav aria-label=\"Br\u00f6dsmula\" class=\"breadcrumbs\"><ul><li class=\"is-here\"><\/li><li class=\"is-home\"><a href=\"https:\/\/www.ninetech.com\/no\"><span class=\"show-for-sr\">Startsida<\/span>Hem<\/a> <span class=\"delimiter\">\/<\/span> <\/li><li>Side<\/li><\/ul><\/nav>\n\n\n<div class=\"wp-block-group narrow\"><div class=\"wp-block-group__inner-container is-layout-flow wp-block-group-is-layout-flow\">\n<div class=\"dbyh-preamble dbyh-preamble--big\">\n\t<span>V\u00e5r syn p\u00e5 systemarkitektur och utveckling \u00e4r inspirerad av &laquo;micro service&raquo;-filosofin. V\u00e4lj en arkitektur som best\u00e5r av tydliga tj\u00e4nster som knyts ihop till en fungerande helhet. Det skapar flexibilitet, skalbarhet och underl\u00e4ttar resan mot cloud, f\u00f6r de som vill dit.<\/span>\n<\/div>\n\n\n<div class=\"dbyh-space set-invisible\" style=\"height: 140px; --tablet-height: 100px; --mobile-height: 100px;\">\n    <\/div><\/div><\/div>\n<\/div><\/div>\n<\/div><\/div>\n<\/section><div class=\"wrapper\">\n\n<\/div><section class=\"page_section page_section--group align-wrap align-wrap-full\">\n<div class=\"wp-block-group alignfull\"><div class=\"wp-block-group__inner-container is-layout-flow wp-block-group-is-layout-flow\">\n<div class=\"wp-block-group\"><div class=\"wp-block-group__inner-container is-layout-flow wp-block-group-is-layout-flow\">\n<div class=\"wp-block-group narrow\"><div class=\"wp-block-group__inner-container is-layout-flow wp-block-group-is-layout-flow\">\n<div class=\"dbyh-space set-invisible\" style=\"height: 100px; --tablet-height: 80px; --mobile-height: 80px;\">\n    <\/div>\n\n\n<h2 class=\"wp-block-heading has-text-align-center\">F\u00f6rdelar med att t\u00e4nka modul\u00e4rt<\/h2>\n\n\n\n<div class=\"dbyh-preamble dbyh-preamble--small\">\n\t<span>Till skillnad fr\u00e5n att bygga ett system vars delar \u00e4r sammanv\u00e4vda f\u00f6redrar Ninetech att bygga l\u00f6sningar i separata tj\u00e4nster eller moduler \u2013 inspirerat av en \u201cmicro services\u201d-filosofi. Vi \u00e4r ledande inom applikationsutveckling i Microsoft Azure.\r\n\r\n<\/span>\n<\/div>\n\n\n<div class=\"dbyh-space set-invisible\" style=\"height: 35px; --tablet-height: 35px; --mobile-height: 20px;\">\n    <\/div>\n\n\n<p><\/p>\n\n\n\n<ul class=\"wp-block-list\">\n<li><strong>Enklare utveckling.<\/strong>\u00a0Utveckling av en modul kan ske utan h\u00e4nsyn till systemet som helhet. Ninetech bygger samverkande isolerade enheter som \u00e4r s\u00e5 frist\u00e5ende att de inte k\u00e4nner till varandras existens. Utveckling, test och implementering av isolerade delar \u00e4r mindre riskabelt och f\u00f6rkortar ledtider.<br><\/li>\n\n\n\n<li><strong>Modulens syfte styr valet av teknik, spr\u00e5k och l\u00f6sning.<\/strong>\u00a0Till skillnad fr\u00e5n ett system d\u00e4r alla delar \u00e4r sammanv\u00e4vda kan man i modul\u00e4ra l\u00f6sningar anv\u00e4nda den teknik och det spr\u00e5k som ger b\u00e4st prestanda f\u00f6r respektive modul.<br><\/li>\n\n\n\n<li><strong>Kostnadseffektivt skalbarhet.<\/strong>\u00a0Att kunna skala upp och ner enskilda moduler g\u00f6r systemet kostnadseffektivt \u2013 kunden l\u00e4gger bara pengar p\u00e5 delar som ger mest effekt.<br><\/li>\n<\/ul>\n\n\n\n<p>Inbyggt i Azure finns en rik flora av f\u00e4rdigpaketerade komponenter.<\/p>\n\n\n\n<ul class=\"wp-block-list\">\n<li><a href=\"https:\/\/ninetech.com\/no\/plattform\/azure\">L\u00e4s g\u00e4rna mer om v\u00e5r syn p\u00e5\u00a0<strong>arkitektur i Azure<\/strong>\u00a0och om de\u00a0<strong>moduler vi har utvecklat<\/strong>.<\/a><br><\/li>\n\n\n\n<li><a href=\"https:\/\/ninetech.com\/no\/wp-content\/uploads\/sites\/3\/2025\/03\/Our-way-of-working-with-tech.pdf\">Ta g\u00e4rna del av v\u00e5r best practise inom arkitektur och systemutveckling (PDF p\u00e5 engelska).<\/a><\/li>\n<\/ul>\n\n\n\n<div class=\"dbyh-space set-invisible\" style=\"height: 100px; --tablet-height: 80px; --mobile-height: 80px;\">\n    <\/div><\/div><\/div>\n<\/div><\/div>\n<\/div><\/div>\n<\/section><div class=\"wrapper\">\n\n<\/div><section class=\"page_section page_section--group align-wrap align-wrap-full\">\n<div class=\"wp-block-group alignfull has-westar-greige-10-background-color has-background\"><div class=\"wp-block-group__inner-container is-layout-flow wp-block-group-is-layout-flow\">\n<div class=\"wp-block-group\"><div class=\"wp-block-group__inner-container is-layout-flow wp-block-group-is-layout-flow\">\n<div class=\"wp-block-group narrow\"><div class=\"wp-block-group__inner-container is-layout-flow wp-block-group-is-layout-flow\">\n<div class=\"dbyh-space set-invisible\" style=\"height: 100px; --tablet-height: 80px; --mobile-height: 80px;\">\n    <\/div>\n\n<\/div><section class=\"page_section page_section--quote align-wrap align-wrap-full\">\n<div class=\"dbyh-quote alignfull\">\n\t<span class=\"dbyh-quote__quote\"><span class=\"mark\">&laquo;<\/span>V\u00e5r expertis finns inom DevOps som \u00e4r den del av Azure som anv\u00e4nds f\u00f6r att bygga, testa och lansera tj\u00e4nster med en s\u00e5 h\u00f6g grad av automatisering som m\u00f6jligt.<span class=\"mark\">&laquo;<\/span><\/span>\n\t<\/div><\/section><div class=\"wrapper\">\n\n\n<div class=\"dbyh-space set-invisible\" style=\"height: 100px; --tablet-height: 80px; --mobile-height: 80px;\">\n    <\/div><\/div><\/div>\n<\/div><\/div>\n<\/div><\/div>\n<\/section><div class=\"wrapper\">\n\n<\/div><section class=\"page_section page_section--group align-wrap align-wrap-full\">\n<div class=\"wp-block-group alignfull\"><div class=\"wp-block-group__inner-container is-layout-flow wp-block-group-is-layout-flow\">\n<div class=\"wp-block-group\"><div class=\"wp-block-group__inner-container is-layout-flow wp-block-group-is-layout-flow\">\n<div class=\"wp-block-group narrow\"><div class=\"wp-block-group__inner-container is-layout-flow wp-block-group-is-layout-flow\">\n<div class=\"dbyh-space set-invisible\" style=\"height: 100px; --tablet-height: 80px; --mobile-height: 80px;\">\n    <\/div>\n\n\n<h2 class=\"wp-block-heading has-text-align-center\">Cloud ger dig frihet<\/h2>\n\n\n\n<div class=\"dbyh-preamble dbyh-preamble--small\">\n\t<span>F\u00f6r att er digitalisering ska lyckas  \u2013 oavsett plattform \u2013 finns n\u00e5gra tydliga framg\u00e5ngsfaktorer.\r\n\r\n<\/span>\n<\/div>\n\n\n<div class=\"dbyh-space set-invisible\" style=\"height: 35px; --tablet-height: 35px; --mobile-height: 20px;\">\n    <\/div>\n\n\n<p><\/p>\n\n\n\n<ul class=\"wp-block-list\">\n<li><strong>Anpassningsbar<\/strong>. I takt med att kraven fr\u00e5n slutkunden f\u00f6r\u00e4ndras och konkurrensen h\u00e5rdnar s\u00e5 m\u00e5ste den tekniska l\u00f6sningen kunna anpassas efter hand.<br><\/li>\n\n\n\n<li><strong>Ha kort \u201ctime to market\u201d.<\/strong>\u00a0Det kan inte dr\u00f6ja m\u00e5nader innan kunden f\u00e5r ut ny funktionalitet. En f\u00f6ruts\u00e4ttning \u00e4r att automatisera processer och ha en teknisk l\u00f6sning som m\u00f6jligg\u00f6r mindre och t\u00e4tare drifts\u00e4ttningar.<br><\/li>\n\n\n\n<li><strong>Tillg\u00e4nglig.<\/strong>\u00a0En \u00f6kande bes\u00f6kstrafik kr\u00e4ver en teknisk l\u00f6sning som kan skalas upp \u2013 g\u00e4rna automatiskt. Detta g\u00e4ller b\u00e5de p\u00e5 sikt och f\u00f6r enstaka bes\u00f6kstoppar som till exempel Black Friday.<br><\/li>\n\n\n\n<li><strong>Framtidss\u00e4ker.<\/strong>\u00a0Takten med vilken ny teknik dyker upp och sedan blir gammal \u00f6kar hela tiden. F\u00f6r att inte tvingas leva med eller begr\u00e4nsas av gamla teknikval kr\u00e4vs en l\u00f6sning som kan hantera olika tekniker, programmeringsspr\u00e5k och nya sp\u00e4nnande l\u00f6sningar.<\/li>\n<\/ul>\n\n\n\n<div class=\"dbyh-space set-invisible\" style=\"height: 100px; --tablet-height: 80px; --mobile-height: 80px;\">\n    <\/div><\/div><\/div>\n<\/div><\/div>\n<\/div><\/div>\n<\/section><div class=\"wrapper\">\n\n<\/div><section class=\"page_section page_section--group align-wrap align-wrap-full\">\n<div class=\"wp-block-group alignfull has-westar-greige-30-background-color has-background\"><div class=\"wp-block-group__inner-container is-layout-flow wp-block-group-is-layout-flow\">\n<div class=\"wp-block-group alignwide\"><div class=\"wp-block-group__inner-container is-layout-flow wp-block-group-is-layout-flow\">\n<div class=\"dbyh-space set-invisible\" style=\"height: 100px; --tablet-height: 80px; --mobile-height: 80px;\">\n    <\/div>\n\n\n\n<div class=\"dbyh-contact-cta\">\n\t<div class=\"dbyh-contact-cta__person\">\n\t\t<div class=\"dbyh-contact-cta__person__image\">\n\t\t\t<img decoding=\"async\" loading=\"lazy\" class=\"resp-image \" src=\"https:\/\/www.ninetech.com\/no\/wp-content\/uploads\/sites\/3\/2018\/05\/Fredrik-Nyman-375x375.jpg\" srcset=\"https:\/\/www.ninetech.com\/no\/wp-content\/uploads\/sites\/3\/2018\/05\/Fredrik-Nyman-375x375.jpg 375w, https:\/\/www.ninetech.com\/no\/wp-content\/uploads\/sites\/3\/2018\/05\/Fredrik-Nyman-150x150.jpg 150w, https:\/\/www.ninetech.com\/no\/wp-content\/uploads\/sites\/3\/2018\/05\/Fredrik-Nyman-768x768.jpg 768w\" sizes=\"375px\" alt=\"\" \/>\t\t<\/div>\n\t\t<div class=\"dbyh-contact-cta__person__info\">\n\t\t\t<h5>Vill du veta mer om tj\u00e4nstebaserad arkitektur?<\/h5>\n\t\t\t<p>H\u00f6r av dig s\u00e5 inleder vi en kravl\u00f6s dialog.<\/p>\n\t\t\t<span class=\"dbyh-contact-cta__person__info__name\">Fredrik Nyman<\/span>\n\t\t\t<span class=\"dbyh-contact-cta__person__info__title\">CTO<\/span>\n\t\t\t<a href=\"tel:&#43;46&#55;04&#54;1&#51;&#57;&#54;1\">&#43;467&#48;4&#54;&#49;&#51;9&#54;&#49;<\/a>\n\t\t\t<a href=\"mailto:&#102;redrik.ny&#109;an&#64;&#110;&#105;&#110;&#101;te&#99;h.&#99;&#111;m\">&#102;&#114;&#101;&#100;ri&#107;.n&#121;man&#64;nin&#101;t&#101;ch.com<\/a>\n\t\t<\/div>\n\t<\/div>\n\t<div class=\"dbyh-contact-cta__info\">\n\t\t<h5>Nyfiken p\u00e5 hur det \u00e4r att jobba med utveckling p\u00e5 Ninetech?<\/h5>\n\t\t<p>L\u00e4s g\u00e4rna mer p\u00e5 v\u00e5r karri\u00e4rsida.<\/p>\n\t\t<div class=\"wp-block-button nt-button-size-stor is-style-dove-hollow\"><a class=\"wp-block-button__link wp-element-button\" href=\"\/karriar\">Klicka p\u00e5 mig<\/a><\/div>\n\n\t<\/div>\n<\/div>\n\n\n<div class=\"dbyh-space set-invisible\" style=\"height: 100px; --tablet-height: 80px; --mobile-height: 80px;\">\n    <\/div><\/div><\/div>\n<\/div><\/div>\n<\/section><div class=\"wrapper\">","protected":false},"excerpt":{"rendered":"<p>F\u00f6rdelar med att t\u00e4nka modul\u00e4rt Inbyggt i Azure finns en rik flora av f\u00e4rdigpaketerade komponenter. Cloud ger dig frihet<\/p>\n","protected":false},"author":4,"featured_media":4935,"parent":4498,"menu_order":0,"comment_status":"closed","ping_status":"closed","template":"","meta":{"_acf_changed":false,"content-type":"","footnotes":""},"class_list":["post-4925","page","type-page","status-publish","has-post-thumbnail","hentry"],"acf":[],"yoast_head":"<!-- This site is optimized with the Yoast SEO plugin v27.3 - https:\/\/yoast.com\/product\/yoast-seo-wordpress\/ -->\n<title>Tj\u00e4nstebaserad arkitektur - Ninetech - no<\/title>\n<meta name=\"robots\" content=\"index, follow, max-snippet:-1, max-image-preview:large, max-video-preview:-1\" \/>\n<link rel=\"canonical\" href=\"https:\/\/www.ninetech.com\/no\/expertis\/tjanstebaserad-arkitektur\/\" \/>\n<meta property=\"og:locale\" content=\"nb_NO\" \/>\n<meta property=\"og:type\" content=\"article\" \/>\n<meta property=\"og:title\" content=\"Tj\u00e4nstebaserad arkitektur - Ninetech - no\" \/>\n<meta property=\"og:description\" content=\"F\u00f6rdelar med att t\u00e4nka modul\u00e4rt Inbyggt i Azure finns en rik flora av f\u00e4rdigpaketerade komponenter. Cloud ger dig frihet\" \/>\n<meta property=\"og:url\" content=\"https:\/\/www.ninetech.com\/no\/expertis\/tjanstebaserad-arkitektur\/\" \/>\n<meta property=\"og:site_name\" content=\"Ninetech - no\" \/>\n<meta property=\"article:modified_time\" content=\"2025-03-24T08:32:28+00:00\" \/>\n<meta property=\"og:image\" content=\"https:\/\/www.ninetech.com\/no\/wp-content\/uploads\/sites\/3\/2020\/12\/micro-service-arkitektur-ninetech.jpg\" \/>\n\t<meta property=\"og:image:width\" content=\"2200\" \/>\n\t<meta property=\"og:image:height\" content=\"1098\" \/>\n\t<meta property=\"og:image:type\" content=\"image\/jpeg\" \/>\n<meta name=\"twitter:card\" content=\"summary_large_image\" \/>\n<meta name=\"twitter:label1\" content=\"Ansl. lesetid\" \/>\n\t<meta name=\"twitter:data1\" content=\"2 minutter\" \/>\n<script type=\"application\/ld+json\" class=\"yoast-schema-graph\">{\"@context\":\"https:\\\/\\\/schema.org\",\"@graph\":[{\"@type\":\"WebPage\",\"@id\":\"https:\\\/\\\/www.ninetech.com\\\/no\\\/expertis\\\/tjanstebaserad-arkitektur\\\/\",\"url\":\"https:\\\/\\\/www.ninetech.com\\\/no\\\/expertis\\\/tjanstebaserad-arkitektur\\\/\",\"name\":\"Tj\u00e4nstebaserad arkitektur - Ninetech - no\",\"isPartOf\":{\"@id\":\"https:\\\/\\\/www.ninetech.com\\\/no\\\/#website\"},\"primaryImageOfPage\":{\"@id\":\"https:\\\/\\\/www.ninetech.com\\\/no\\\/expertis\\\/tjanstebaserad-arkitektur\\\/#primaryimage\"},\"image\":{\"@id\":\"https:\\\/\\\/www.ninetech.com\\\/no\\\/expertis\\\/tjanstebaserad-arkitektur\\\/#primaryimage\"},\"thumbnailUrl\":\"https:\\\/\\\/www.ninetech.com\\\/no\\\/wp-content\\\/uploads\\\/sites\\\/3\\\/2020\\\/12\\\/micro-service-arkitektur-ninetech.jpg\",\"datePublished\":\"2020-12-02T08:19:43+00:00\",\"dateModified\":\"2025-03-24T08:32:28+00:00\",\"breadcrumb\":{\"@id\":\"https:\\\/\\\/www.ninetech.com\\\/no\\\/expertis\\\/tjanstebaserad-arkitektur\\\/#breadcrumb\"},\"inLanguage\":\"nb-NO\",\"potentialAction\":[{\"@type\":\"ReadAction\",\"target\":[\"https:\\\/\\\/www.ninetech.com\\\/no\\\/expertis\\\/tjanstebaserad-arkitektur\\\/\"]}]},{\"@type\":\"ImageObject\",\"inLanguage\":\"nb-NO\",\"@id\":\"https:\\\/\\\/www.ninetech.com\\\/no\\\/expertis\\\/tjanstebaserad-arkitektur\\\/#primaryimage\",\"url\":\"https:\\\/\\\/www.ninetech.com\\\/no\\\/wp-content\\\/uploads\\\/sites\\\/3\\\/2020\\\/12\\\/micro-service-arkitektur-ninetech.jpg\",\"contentUrl\":\"https:\\\/\\\/www.ninetech.com\\\/no\\\/wp-content\\\/uploads\\\/sites\\\/3\\\/2020\\\/12\\\/micro-service-arkitektur-ninetech.jpg\",\"width\":2200,\"height\":1098},{\"@type\":\"BreadcrumbList\",\"@id\":\"https:\\\/\\\/www.ninetech.com\\\/no\\\/expertis\\\/tjanstebaserad-arkitektur\\\/#breadcrumb\",\"itemListElement\":[{\"@type\":\"ListItem\",\"position\":1,\"name\":\"Hem\",\"item\":\"https:\\\/\\\/www.ninetech.com\\\/no\\\/\"},{\"@type\":\"ListItem\",\"position\":2,\"name\":\"Expertis\",\"item\":\"https:\\\/\\\/www.ninetech.com\\\/no\\\/expertis\\\/\"},{\"@type\":\"ListItem\",\"position\":3,\"name\":\"Tj\u00e4nstebaserad arkitektur\"}]},{\"@type\":\"WebSite\",\"@id\":\"https:\\\/\\\/www.ninetech.com\\\/no\\\/#website\",\"url\":\"https:\\\/\\\/www.ninetech.com\\\/no\\\/\",\"name\":\"Ninetech - no\",\"description\":\"Experter p\u00e5 digital utveckling\",\"potentialAction\":[{\"@type\":\"SearchAction\",\"target\":{\"@type\":\"EntryPoint\",\"urlTemplate\":\"https:\\\/\\\/www.ninetech.com\\\/no\\\/?s={search_term_string}\"},\"query-input\":{\"@type\":\"PropertyValueSpecification\",\"valueRequired\":true,\"valueName\":\"search_term_string\"}}],\"inLanguage\":\"nb-NO\"}]}<\/script>\n<!-- \/ Yoast SEO plugin. -->","yoast_head_json":{"title":"Tj\u00e4nstebaserad arkitektur - Ninetech - no","robots":{"index":"index","follow":"follow","max-snippet":"max-snippet:-1","max-image-preview":"max-image-preview:large","max-video-preview":"max-video-preview:-1"},"canonical":"https:\/\/www.ninetech.com\/no\/expertis\/tjanstebaserad-arkitektur\/","og_locale":"nb_NO","og_type":"article","og_title":"Tj\u00e4nstebaserad arkitektur - Ninetech - no","og_description":"F\u00f6rdelar med att t\u00e4nka modul\u00e4rt Inbyggt i Azure finns en rik flora av f\u00e4rdigpaketerade komponenter. Cloud ger dig frihet","og_url":"https:\/\/www.ninetech.com\/no\/expertis\/tjanstebaserad-arkitektur\/","og_site_name":"Ninetech - no","article_modified_time":"2025-03-24T08:32:28+00:00","og_image":[{"width":2200,"height":1098,"url":"https:\/\/www.ninetech.com\/no\/wp-content\/uploads\/sites\/3\/2020\/12\/micro-service-arkitektur-ninetech.jpg","type":"image\/jpeg"}],"twitter_card":"summary_large_image","twitter_misc":{"Ansl. lesetid":"2 minutter"},"schema":{"@context":"https:\/\/schema.org","@graph":[{"@type":"WebPage","@id":"https:\/\/www.ninetech.com\/no\/expertis\/tjanstebaserad-arkitektur\/","url":"https:\/\/www.ninetech.com\/no\/expertis\/tjanstebaserad-arkitektur\/","name":"Tj\u00e4nstebaserad arkitektur - Ninetech - no","isPartOf":{"@id":"https:\/\/www.ninetech.com\/no\/#website"},"primaryImageOfPage":{"@id":"https:\/\/www.ninetech.com\/no\/expertis\/tjanstebaserad-arkitektur\/#primaryimage"},"image":{"@id":"https:\/\/www.ninetech.com\/no\/expertis\/tjanstebaserad-arkitektur\/#primaryimage"},"thumbnailUrl":"https:\/\/www.ninetech.com\/no\/wp-content\/uploads\/sites\/3\/2020\/12\/micro-service-arkitektur-ninetech.jpg","datePublished":"2020-12-02T08:19:43+00:00","dateModified":"2025-03-24T08:32:28+00:00","breadcrumb":{"@id":"https:\/\/www.ninetech.com\/no\/expertis\/tjanstebaserad-arkitektur\/#breadcrumb"},"inLanguage":"nb-NO","potentialAction":[{"@type":"ReadAction","target":["https:\/\/www.ninetech.com\/no\/expertis\/tjanstebaserad-arkitektur\/"]}]},{"@type":"ImageObject","inLanguage":"nb-NO","@id":"https:\/\/www.ninetech.com\/no\/expertis\/tjanstebaserad-arkitektur\/#primaryimage","url":"https:\/\/www.ninetech.com\/no\/wp-content\/uploads\/sites\/3\/2020\/12\/micro-service-arkitektur-ninetech.jpg","contentUrl":"https:\/\/www.ninetech.com\/no\/wp-content\/uploads\/sites\/3\/2020\/12\/micro-service-arkitektur-ninetech.jpg","width":2200,"height":1098},{"@type":"BreadcrumbList","@id":"https:\/\/www.ninetech.com\/no\/expertis\/tjanstebaserad-arkitektur\/#breadcrumb","itemListElement":[{"@type":"ListItem","position":1,"name":"Hem","item":"https:\/\/www.ninetech.com\/no\/"},{"@type":"ListItem","position":2,"name":"Expertis","item":"https:\/\/www.ninetech.com\/no\/expertis\/"},{"@type":"ListItem","position":3,"name":"Tj\u00e4nstebaserad arkitektur"}]},{"@type":"WebSite","@id":"https:\/\/www.ninetech.com\/no\/#website","url":"https:\/\/www.ninetech.com\/no\/","name":"Ninetech - no","description":"Experter p\u00e5 digital utveckling","potentialAction":[{"@type":"SearchAction","target":{"@type":"EntryPoint","urlTemplate":"https:\/\/www.ninetech.com\/no\/?s={search_term_string}"},"query-input":{"@type":"PropertyValueSpecification","valueRequired":true,"valueName":"search_term_string"}}],"inLanguage":"nb-NO"}]}},"_links":{"self":[{"href":"https:\/\/www.ninetech.com\/no\/wp-json\/wp\/v2\/pages\/4925","targetHints":{"allow":["GET"]}}],"collection":[{"href":"https:\/\/www.ninetech.com\/no\/wp-json\/wp\/v2\/pages"}],"about":[{"href":"https:\/\/www.ninetech.com\/no\/wp-json\/wp\/v2\/types\/page"}],"author":[{"embeddable":true,"href":"https:\/\/www.ninetech.com\/no\/wp-json\/wp\/v2\/users\/4"}],"replies":[{"embeddable":true,"href":"https:\/\/www.ninetech.com\/no\/wp-json\/wp\/v2\/comments?post=4925"}],"version-history":[{"count":39,"href":"https:\/\/www.ninetech.com\/no\/wp-json\/wp\/v2\/pages\/4925\/revisions"}],"predecessor-version":[{"id":12718,"href":"https:\/\/www.ninetech.com\/no\/wp-json\/wp\/v2\/pages\/4925\/revisions\/12718"}],"up":[{"embeddable":true,"href":"https:\/\/www.ninetech.com\/no\/wp-json\/wp\/v2\/pages\/4498"}],"wp:featuredmedia":[{"embeddable":true,"href":"https:\/\/www.ninetech.com\/no\/wp-json\/wp\/v2\/media\/4935"}],"wp:attachment":[{"href":"https:\/\/www.ninetech.com\/no\/wp-json\/wp\/v2\/media?parent=4925"}],"curies":[{"name":"wp","href":"https:\/\/api.w.org\/{rel}","templated":true}]}}